{"id":988920,"date":"2023-11-16T19:33:09","date_gmt":"2023-11-16T18:33:09","guid":{"rendered":"https:\/\/extali.de\/?page_id=988920"},"modified":"2023-11-21T09:54:21","modified_gmt":"2023-11-21T08:54:21","slug":"erklaering-om-databeskyttelse","status":"publish","type":"page","link":"https:\/\/www.nordpohl.me\/da\/erklaering-om-databeskyttelse\/","title":{"rendered":"Privatlivspolitik"},"content":{"rendered":"<div data-elementor-type=\"wp-page\" data-elementor-id=\"988920\" class=\"elementor elementor-988920\" data-elementor-post-type=\"page\">\n\t\t\t\t<div class=\"elementor-element elementor-element-4970bd5 e-flex e-con-boxed e-con e-parent\" data-id=\"4970bd5\" data-element_type=\"container\" data-settings=\"{&quot;background_background&quot;:&quot;classic&quot;}\">\n\t\t\t\t\t<div class=\"e-con-inner\">\n\t\t\t\t\t<\/div>\n\t\t\t\t<\/div>\n\t\t<div class=\"elementor-element elementor-element-67f0bf8 e-flex e-con-boxed e-con e-parent\" data-id=\"67f0bf8\" data-element_type=\"container\">\n\t\t\t\t\t<div class=\"e-con-inner\">\n\t\t\t\t<div class=\"elementor-element elementor-element-1f600b7 elementor-widget elementor-widget-heading\" data-id=\"1f600b7\" data-element_type=\"widget\" data-widget_type=\"heading.default\">\n\t\t\t\t\t<h2 class=\"elementor-heading-title elementor-size-default\">Privatlivspolitik<\/h2>\t\t\t\t<\/div>\n\t\t\t\t\t<\/div>\n\t\t\t\t<\/div>\n\t\t<div class=\"elementor-element elementor-element-65e0221 e-flex e-con-boxed e-con e-parent\" data-id=\"65e0221\" data-element_type=\"container\">\n\t\t\t\t\t<div class=\"e-con-inner\">\n\t\t\t\t<div class=\"elementor-element elementor-element-1016f6d elementor-widget elementor-widget-text-editor\" data-id=\"1016f6d\" data-element_type=\"widget\" data-widget_type=\"text-editor.default\">\n\t\t\t\t\t\t\t\t\t<p><strong>Beskyttelse af data<\/strong><\/p><p>Operat\u00f8rerne af disse sider tager beskyttelsen af dine personlige data meget alvorligt. Vi behandler dine personlige data fortroligt og i overensstemmelse med de lovm\u00e6ssige databeskyttelsesbestemmelser og denne privatlivspolitik. Det er generelt muligt at bruge vores hjemmeside uden at give personlige data. Hvis der indsamles personoplysninger (f.eks. navn, adresse eller e-mailadresser) p\u00e5 vores hjemmeside, sker det s\u00e5 vidt muligt altid p\u00e5 frivillig basis. Disse data vil ikke blive videregivet til tredjepart uden dit udtrykkelige samtykke. Vi g\u00f8r opm\u00e6rksom p\u00e5, at dataoverf\u00f8rsel via internettet (f.eks. ved kommunikation via e-mail) kan v\u00e6re forbundet med sikkerhedshuller. En fuldst\u00e6ndig beskyttelse af data mod tredjeparts adgang er ikke mulig.\u00a0<\/p><p><strong>Sm\u00e5kager<\/strong><\/p><p>Nogle af internetsiderne bruger s\u00e5kaldte cookies. Cookies beskadiger ikke din computer og indeholder ikke virus. Cookies bruges til at g\u00f8re vores hjemmeside mere brugervenlig, effektiv og sikker. Cookies er sm\u00e5 tekstfiler, der lagres p\u00e5 din computer og gemmes af din browser. De fleste af de cookies, vi bruger, er s\u00e5kaldte \"session cookies\". De slettes automatisk ved afslutningen af dit bes\u00f8g. Andre cookies forbliver gemt p\u00e5 din slutenhed, indtil du sletter dem. Disse cookies g\u00f8r det muligt for os at genkende din browser ved dit n\u00e6ste bes\u00f8g. Du kan indstille din browser, s\u00e5 du bliver informeret om indstillingen af cookies og kun tillader cookies i individuelle tilf\u00e6lde, udelukke accept af cookies i visse tilf\u00e6lde eller generelt og aktivere automatisk sletning af cookies, n\u00e5r du lukker browseren. Hvis cookies deaktiveres, kan funktionaliteten af denne hjemmeside v\u00e6re begr\u00e6nset.<strong>\u00a0<\/strong><\/p><p><strong>Serverens logfiler<\/strong><\/p><p>Udbyderen af siderne indsamler og gemmer automatisk oplysninger i s\u00e5kaldte serverlogfiler, som din browser automatisk overf\u00f8rer til os. Disse oplysninger er Browsertype og browserversion, anvendt operativsystem, henvisnings-URL, v\u00e6rtsnavn p\u00e5 den computer, der har adgang, tidspunkt for serverforesp\u00f8rgslen. Disse data kan ikke henf\u00f8res til bestemte personer. Disse data sammenf\u00f8res ikke med andre datakilder. Vi forbeholder os ret til at kontrollere disse data efterf\u00f8lgende, hvis vi bliver opm\u00e6rksomme p\u00e5 specifikke indikationer p\u00e5 ulovlig brug.<strong>\u00a0<\/strong><\/p><p><strong>Kontaktformular<\/strong><\/p><p>Hvis du sender os foresp\u00f8rgsler via kontaktformularen, vil dine oplysninger fra foresp\u00f8rgselsformularen, herunder de kontaktoplysninger, du angiver der, blive gemt af os med det form\u00e5l at behandle foresp\u00f8rgslen og i tilf\u00e6lde af opf\u00f8lgende sp\u00f8rgsm\u00e5l. Vi videregiver ikke disse data uden dit samtykke.<\/p><p><strong>Google Analytics<\/strong><\/p><p>Dette websted bruger funktioner fra webanalysetjenesten Google Analytics. Udbyderen er Google Inc, 1600 Amphitheatre Parkway Mountain View, CA 94043, USA. Google Analytics bruger s\u00e5kaldte \"cookies\". Det er tekstfiler, der gemmes p\u00e5 din computer, og som g\u00f8r det muligt at analysere din brug af hjemmesiden. De oplysninger, der genereres af cookien om din brug af dette websted, overf\u00f8res normalt til en Google-server i USA og gemmes der.<\/p><p><strong>Google Maps + Google Fonts<\/strong><\/p><p>Dette websted bruger produktet Google Maps og Google Fonts fra Google Inc. Ved at bruge dette websted giver du samtykke til indsamling, behandling og brug af de automatisk indsamlede data af Google Inc., dets repr\u00e6sentanter og tredjeparter. Du kan finde Googles vilk\u00e5r for brug p\u00e5\u00a0<a href=\"https:\/\/policies.google.com\/terms?hl=de\" target=\"_blank\" rel=\"noopener\">https:\/\/policies.google.com\/terms?hl=de<\/a>Vilk\u00e5rene for brug af Google Maps kan findes p\u00e5 https:\/\/www.google.com\/intl\/de_de\/help\/terms_maps.html<\/p><p><a href=\"http:\/\/www.google.com\/intl\/de_de\/help\/terms_maps.html\" target=\"_blank\" rel=\"noopener\">\"Vilk\u00e5r for brug af Google Maps\"<\/a>.<\/p><p><strong>\u00a0<\/strong><\/p><p><strong>Browser-plugin<\/strong><\/p><p>Du kan afvise brugen af cookies ved at v\u00e6lge de relevante indstillinger i din browser, men bem\u00e6rk venligst, at hvis du g\u00f8r dette, kan du muligvis ikke bruge alle funktionerne p\u00e5 dette websted. Du kan ogs\u00e5 forhindre Google i at indsamle de data, der genereres af cookien, og som vedr\u00f8rer din brug af webstedet (herunder din IP-adresse), og i at behandle disse data af Google ved at downloade og installere det browser-plug-in, der er tilg\u00e6ngeligt p\u00e5 f\u00f8lgende link: https:\/\/tools.google.com\/dlpage\/gaoptout?hl=de<\/p><p><strong>Indsigelse mod dataindsamling<\/strong><\/p><p>Du kan forhindre indsamling af dine data af Google Analytics ved at klikke p\u00e5 f\u00f8lgende link. En opt-out-cookie vil blive sat for at forhindre, at dine data indsamles ved fremtidige bes\u00f8g p\u00e5 denne hjemmeside: Deaktiver Google Analytics Du kan finde flere oplysninger om, hvordan Google Analytics h\u00e5ndterer brugerdata i Googles privatlivspolitik: https:\/\/support.google.com\/analytics\/answer\/6004245?hl=de<\/p><p><strong>Facebook-plugins (Like-knap)<\/strong><\/p><p>Plugins fra det sociale netv\u00e6rk Facebook, udbyder Facebook Inc, 1 Hacker Way, Menlo Park, California 94025, USA, er integreret p\u00e5 vores sider. Du kan genkende Facebook-plugins p\u00e5 Facebook-logoet eller \"Like\"-knappen p\u00e5 vores side. Du kan finde en oversigt over Facebook-plugins her: <a href=\"https:\/\/developers.facebook.com\/docs\/plugins\/\" target=\"_blank\" rel=\"noopener\">https:\/\/developers.facebook.com\/docs\/plugins\/<\/a>. N\u00e5r du bes\u00f8ger vores sider, oprettes der en direkte forbindelse mellem din browser og Facebook-serveren via plugin'et. Facebook modtager oplysninger om, at du har bes\u00f8gt vores side med din IP-adresse. Hvis du klikker p\u00e5 Facebooks \"Like\"-knap, mens du er logget ind p\u00e5 din Facebook-konto, kan du linke indholdet af vores sider til din Facebook-profil. P\u00e5 den m\u00e5de kan Facebook forbinde dit bes\u00f8g p\u00e5 vores sider med din brugerkonto. Vi g\u00f8r opm\u00e6rksom p\u00e5, at vi som udbyder af siderne ikke har kendskab til indholdet af de overf\u00f8rte data eller Facebooks brug af dem. Yderligere oplysninger om dette kan findes i Facebooks privatlivspolitik p\u00e5 <a href=\"https:\/\/de-de.facebook.com\/policy.php\" target=\"_blank\" rel=\"noopener\">https:\/\/de-de.facebook.com\/policy.php<\/a>. Hvis du ikke \u00f8nsker, at Facebook skal kunne forbinde dit bes\u00f8g p\u00e5 vores sider med din Facebook-brugerkonto, bedes du logge ud af din Facebook-brugerkonto.<\/p><p><strong>LinkedIn \u00a0\u00a0\u00a0\u00a0\u00a0\u00a0\u00a0\u00a0\u00a0\u00a0\u00a0\u00a0\u00a0\u00a0\u00a0\u00a0\u00a0\u00a0\u00a0\u00a0\u00a0\u00a0\u00a0\u00a0\u00a0\u00a0\u00a0\u00a0\u00a0\u00a0\u00a0\u00a0\u00a0\u00a0\u00a0\u00a0\u00a0\u00a0\u00a0\u00a0\u00a0\u00a0\u00a0\u00a0\u00a0\u00a0\u00a0\u00a0\u00a0\u00a0\u00a0\u00a0\u00a0\u00a0\u00a0\u00a0\u00a0\u00a0\u00a0\u00a0\u00a0\u00a0\u00a0\u00a0\u00a0\u00a0\u00a0\u00a0\u00a0\u00a0\u00a0\u00a0\u00a0\u00a0\u00a0\u00a0\u00a0\u00a0\u00a0\u00a0\u00a0\u00a0\u00a0\u00a0\u00a0\u00a0\u00a0\u00a0\u00a0\u00a0\u00a0\u00a0\u00a0\u00a0\u00a0\u00a0\u00a0\u00a0\u00a0\u00a0\u00a0\u00a0\u00a0\u00a0\u00a0\u00a0\u00a0\u00a0\u00a0\u00a0\u00a0\u00a0\u00a0\u00a0\u00a0\u00a0\u00a0\u00a0\u00a0\u00a0\u00a0\u00a0\u00a0\u00a0\u00a0\u00a0\u00a0\u00a0\u00a0\u00a0\u00a0\u00a0\u00a0\u00a0\u00a0\u00a0\u00a0\u00a0\u00a0\u00a0\u00a0\u00a0\u00a0\u00a0\u00a0\u00a0\u00a0\u00a0\u00a0\u00a0\u00a0\u00a0\u00a0\u00a0\u00a0\u00a0\u00a0 \u00a0\u00a0\u00a0\u00a0\u00a0\u00a0\u00a0\u00a0\u00a0\u00a0\u00a0\u00a0\u00a0\u00a0\u00a0\u00a0\u00a0\u00a0\u00a0<\/strong>Vores hjemmeside bruger funktioner fra LinkedIn-netv\u00e6rket. Udbyderen er LinkedIn Corporation, 2029 Stierlin Court, Mountain View, CA 94043, USA. Hver gang en af vores sider med LinkedIn-funktioner \u00e5bnes, oprettes der en forbindelse til LinkedIns servere. LinkedIn bliver informeret om, at du har bes\u00f8gt vores hjemmeside med din IP-adresse. Hvis du klikker p\u00e5 LinkedIn-knappen \"Anbefal\" og er logget ind p\u00e5 din LinkedIn-konto, kan LinkedIn forbinde dit bes\u00f8g p\u00e5 vores hjemmeside med dig og din brugerkonto. Vi vil gerne p\u00e5pege, at vi som udbyder af siderne ikke har noget kendskab til indholdet af de overf\u00f8rte data eller deres anvendelse af LinkedIn. Yderligere information om dette kan findes i LinkedIns privatlivspolitik p\u00e5 <a href=\"https:\/\/www.linkedin.com\/legal\/privacy-policy\" target=\"_blank\" rel=\"noopener\">https:\/\/www.linkedin.com\/legal\/privacy-policy<\/a><\/p><p><strong>XING<\/strong><\/p><p>Vores hjemmeside bruger funktioner fra XING-netv\u00e6rket. Udbyderen er XING AG, Dammtorstra\u00dfe 29-32, 20354 Hamburg, Tyskland. Hver gang en af vores sider, der indeholder XING-funktioner, \u00e5bnes, oprettes der en forbindelse til XING-servere. S\u00e5 vidt vi ved, gemmes der ingen personlige data i denne proces. Is\u00e6r gemmes der ingen IP-adresser, og brugeradf\u00e6rden evalueres ikke. Yderligere oplysninger om databeskyttelse og XING-delingsknappen kan findes i XING's privatlivspolitik p\u00e5: https:\/\/www.xing.com\/app\/share?op=data_protection<\/p><p><strong>YouTube<\/strong><\/p><p>Vores hjemmeside bruger plugins fra YouTube-siden, der drives af Google. Operat\u00f8ren af siderne er YouTube, LLC, 901 Cherry Ave, San Bruno, CA 94066, USA. N\u00e5r du bes\u00f8ger en af vores sider, der er udstyret med et YouTube-plugin, oprettes der en forbindelse til YouTube-serverne. YouTube-serveren bliver informeret om, hvilke af vores sider du har bes\u00f8gt. Hvis du er logget ind p\u00e5 din YouTube-konto, giver du YouTube mulighed for at tildele din surfingadf\u00e6rd direkte til din personlige profil. Du kan forhindre dette ved at logge ud af din YouTube-konto. Yderligere oplysninger om h\u00e5ndtering af brugerdata kan findes i YouTubes privatlivspolitik p\u00e5 <a href=\"https:\/\/www.google.de\/intl\/de\/policies\/privacy\" target=\"_blank\" rel=\"noopener\">https:\/\/www.google.de\/intl\/de\/policies\/privacy<\/a><\/p><p><strong>SSL-kryptering<\/strong><\/p><p>Dette websted bruger SSL-kryptering af sikkerhedsm\u00e6ssige \u00e5rsager og for at beskytte overf\u00f8rslen af fortroligt indhold, s\u00e5som de foresp\u00f8rgsler, du sender til os som webstedets operat\u00f8r. Du kan genkende en krypteret forbindelse ved, at adresselinjen i browseren \u00e6ndres fra \"http:\/\/\" til \"https:\/\/\" og ved l\u00e5sesymbolet i din browserlinje. Hvis SSL-kryptering er aktiveret, kan de data, du sender til os, ikke l\u00e6ses af tredjeparter.<\/p><p><strong>Ret til information, annullering, blokering<\/strong><\/p><p>Du har til enhver tid ret til gratis information om dine gemte personoplysninger, deres oprindelse og modtager og form\u00e5let med databehandlingen samt ret til korrektion, blokering eller sletning af disse data. Du kan til enhver tid kontakte os p\u00e5 den adresse, der er angivet i den juridiske meddelelse, hvis du har yderligere sp\u00f8rgsm\u00e5l om emnet personoplysninger.<\/p><p><strong>Indsigelse mod reklamemails<\/strong><\/p><p>Vi g\u00f8r hermed indsigelse mod brugen af kontaktdata, der er offentliggjort som en del af vores forpligtelse til at give en juridisk meddelelse med det form\u00e5l at sende uopfordret reklame og informationsmateriale. Operat\u00f8rerne af dette websted forbeholder sig udtrykkeligt retten til at tage retslige skridt i tilf\u00e6lde af uopfordret afsendelse af reklameoplysninger, s\u00e5som spam-e-mails.<\/p><p>Pr. 23. oktober 2023 - Kilde: https:\/\/www.e-recht24.de\/<\/p>\t\t\t\t\t\t\t\t<\/div>\n\t\t\t\t\t<\/div>\n\t\t\t\t<\/div>\n\t\t\t\t<\/div>","protected":false},"excerpt":{"rendered":"<p>Datenschutzerkl\u00e4rung Datenschutz Die Betreiber dieser Seiten nehmen den Schutz Ihrer pers\u00f6nlichen Daten sehr ernst. Wir behandeln Ihre personenbezogenen Daten vertraulich und entsprechend der gesetzlichen Datenschutzvorschriften sowie dieser Datenschutzerkl\u00e4rung. Die Nutzung unserer Website ist in der Regel ohne Angabe personenbezogener Daten m\u00f6glich. Soweit auf unseren Seiten personenbezogene Daten (beispielsweise Name, Anschrift oder E-Mail-Adressen) erhoben werden, erfolgt [&hellip;]<\/p>","protected":false},"author":1,"featured_media":0,"parent":0,"menu_order":0,"comment_status":"closed","ping_status":"closed","template":"","meta":{"footnotes":""},"class_list":["post-988920","page","type-page","status-publish","hentry"],"_links":{"self":[{"href":"https:\/\/www.nordpohl.me\/da\/wp-json\/wp\/v2\/pages\/988920","targetHints":{"allow":["GET"]}}],"collection":[{"href":"https:\/\/www.nordpohl.me\/da\/wp-json\/wp\/v2\/pages"}],"about":[{"href":"https:\/\/www.nordpohl.me\/da\/wp-json\/wp\/v2\/types\/page"}],"author":[{"embeddable":true,"href":"https:\/\/www.nordpohl.me\/da\/wp-json\/wp\/v2\/users\/1"}],"replies":[{"embeddable":true,"href":"https:\/\/www.nordpohl.me\/da\/wp-json\/wp\/v2\/comments?post=988920"}],"version-history":[{"count":11,"href":"https:\/\/www.nordpohl.me\/da\/wp-json\/wp\/v2\/pages\/988920\/revisions"}],"predecessor-version":[{"id":988938,"href":"https:\/\/www.nordpohl.me\/da\/wp-json\/wp\/v2\/pages\/988920\/revisions\/988938"}],"wp:attachment":[{"href":"https:\/\/www.nordpohl.me\/da\/wp-json\/wp\/v2\/media?parent=988920"}],"curies":[{"name":"wp","href":"https:\/\/api.w.org\/{rel}","templated":true}]}}