{"id":988939,"date":"2023-11-16T21:00:55","date_gmt":"2023-11-16T20:00:55","guid":{"rendered":"https:\/\/extali.de\/?page_id=988939"},"modified":"2023-11-21T09:56:12","modified_gmt":"2023-11-21T08:56:12","slug":"agb","status":"publish","type":"page","link":"https:\/\/www.nordpohl.me\/da\/agb\/","title":{"rendered":"GTC"},"content":{"rendered":"<div data-elementor-type=\"wp-page\" data-elementor-id=\"988939\" class=\"elementor elementor-988939\" data-elementor-post-type=\"page\">\n\t\t\t\t<div class=\"elementor-element elementor-element-4970bd5 e-flex e-con-boxed e-con e-parent\" data-id=\"4970bd5\" data-element_type=\"container\" data-settings=\"{&quot;background_background&quot;:&quot;classic&quot;}\">\n\t\t\t\t\t<div class=\"e-con-inner\">\n\t\t\t\t\t<\/div>\n\t\t\t\t<\/div>\n\t\t<div class=\"elementor-element elementor-element-67f0bf8 e-flex e-con-boxed e-con e-parent\" data-id=\"67f0bf8\" data-element_type=\"container\">\n\t\t\t\t\t<div class=\"e-con-inner\">\n\t\t\t\t<div class=\"elementor-element elementor-element-1f600b7 elementor-widget elementor-widget-heading\" data-id=\"1f600b7\" data-element_type=\"widget\" data-widget_type=\"heading.default\">\n\t\t\t\t\t<h2 class=\"elementor-heading-title elementor-size-default\">AGB Nordpohl<\/h2>\t\t\t\t<\/div>\n\t\t\t\t\t<\/div>\n\t\t\t\t<\/div>\n\t\t<div class=\"elementor-element elementor-element-65e0221 e-flex e-con-boxed e-con e-parent\" data-id=\"65e0221\" data-element_type=\"container\">\n\t\t\t\t\t<div class=\"e-con-inner\">\n\t\t\t\t<div class=\"elementor-element elementor-element-1016f6d elementor-widget elementor-widget-text-editor\" data-id=\"1016f6d\" data-element_type=\"widget\" data-widget_type=\"text-editor.default\">\n\t\t\t\t\t\t\t\t\t<h3><strong>Aftale med medsejlere<\/strong><\/h3>\n<p><strong>Pr\u00e6ambel <\/strong><\/p>\n<p>En sejltur er en sportslig aff\u00e6re. Om bord tr\u00e6ffes beslutninger i f\u00e6llesskab, hvor det er muligt. Du er et aktivt bes\u00e6tningsmedlem og ikke en passager. Det siger dog sig selv, at skipperen tr\u00e6ffer bindende beslutninger for bes\u00e6tningen i sp\u00f8rgsm\u00e5l om sikkerhed og s\u00f8mandskab, og at disse skal f\u00f8lges. Skipperens nautiske rettigheder og pligter har forrang, uanset eventuelle aftaler om det modsatte. Skipperen skal give deltageren en passende briefing og sikkerhedsinstruktion. Det er af hensyn til bes\u00e6tningens og b\u00e5dens sikkerhed, at de relevante instruktioner f\u00f8lges. Da sejladsen er underlagt naturens kr\u00e6fter, kan ruten ikke fastl\u00e6gges p\u00e5 forh\u00e5nd og afh\u00e6nger af de lokale vejrforhold og alle sikkerhedsrelevante omst\u00e6ndigheder. Beslutninger om kurs, rute, om skibet forlader eller bliver i havnen, skibets og bes\u00e6tningens sikkerhed tr\u00e6ffes udelukkende af skipperen.<\/p><p><strong style=\"text-align: var(--text-align); background-color: var( --e-global-color-vamtam_accent_5 ); color: var( --e-global-color-vamtam_accent_3 ); letter-spacing: var( --e-global-typography-vamtam_primary_font-letter-spacing ); text-transform: var( --e-global-typography-vamtam_primary_font-text-transform ); word-spacing: var( --e-global-typography-vamtam_primary_font-word-spacing );\">Definitioner<\/strong><\/p>\n<p>N\u00e5r betegnelsen SCHIFFSF\u00dcHRER anvendes i det f\u00f8lgende, henviser det til Andreas Pohl.<\/p>\n<p>N\u00e5r udtrykket CREW MEMBER bruges i det f\u00f8lgende, henviser det til Andreas Pohls respektive medsejler(e).<\/p><p><strong style=\"text-align: var(--text-align); background-color: var( --e-global-color-vamtam_accent_5 ); color: var( --e-global-color-vamtam_accent_3 ); letter-spacing: var( --e-global-typography-vamtam_primary_font-letter-spacing ); text-transform: var( --e-global-typography-vamtam_primary_font-text-transform ); word-spacing: var( --e-global-typography-vamtam_primary_font-word-spacing );\">Planl\u00e6gning af krydstogtskurs\/rute<\/strong><\/p>\n<p>De daglige etaper og destinationer vil blive diskuteret p\u00e5 dagen for turen. De afh\u00e6nger is\u00e6r af vejrforholdene og de lokale forhold i sejladsomr\u00e5det. Den endelige beslutning tr\u00e6ffes af skipperen. Afvigelser fra den planlagte daglige rute kan v\u00e6re n\u00f8dvendige af forskellige \u00e5rsager og er derfor ogs\u00e5 skipperens endelige beslutning. Ved ombordstigning vil bes\u00e6tningsmedlemmet blive gjort bekendt med de generelle regler for s\u00f8mandskab (tilg\u00e6ngelige p\u00e5: <a href=\"https:\/\/www.gdws.wsv.bund.de\" target=\"_blank\" rel=\"noopener\">https:\/\/www.gdws.wsv.bund.de<\/a> (Brochure: Sikkerhed p\u00e5 vandet - Vigtige regler og tips til vandsportsentusiaster)).<\/p><p><strong style=\"text-align: var(--text-align); background-color: var( --e-global-color-vamtam_accent_5 ); color: var( --e-global-color-vamtam_accent_3 ); letter-spacing: var( --e-global-typography-vamtam_primary_font-letter-spacing ); text-transform: var( --e-global-typography-vamtam_primary_font-text-transform ); word-spacing: var( --e-global-typography-vamtam_primary_font-word-spacing );\">Indg\u00e5else af kontrakt\/omkostninger\/fakturering\/annullering<\/strong><\/p>\n<p><strong>3.1.<\/strong> &nbsp;Ved modtagelse af en bookinganmodning vil den potentielle deltager modtage en bekr\u00e6ftelse p\u00e5 modtagelsen af sin bookinganmodning.<\/p>\n<p>Deltageren vil modtage en bookingbekr\u00e6ftelse og en faktura efter kontrol og beregning.<\/p>\n<p>Deltagelse i en sejltur er kun mulig efter forudg\u00e5ende betaling af hele turen. Medmindre andet er angivet p\u00e5 bookingbekr\u00e6ftelsen\/fakturaen, skal der betales et depositum p\u00e5 500 euro ved tilmelding. Restbel\u00f8bet skal betales senest seks uger f\u00f8r sejladsen starter.<\/p>\n<p><strong>3.2.<\/strong> Andre omkostninger: Bes\u00e6tningsmedlemmerne betaler til kassen om bord. Den bruges til at betale for forplejning om bord (landlov for egen regning), aftensmad, havneafgifter og br\u00e6ndstof. Skipperen er fritaget for at betale til skibets kasse i overensstemmelse med g\u00e6ldende maritime skikke. Omkostninger inkluderet i krydstogtprisen: basisproviant til morgenmad og frokost om bord, slutreng\u00f8ring, p\u00e5h\u00e6ngsmotor til gummib\u00e5den, gas, sengelinned og 2 h\u00e5ndkl\u00e6der, obligatorisk ekstraskat.<\/p>\n<p><strong>3.3<\/strong> Medmindre andet er angivet i beskrivelsen af sejlturen, er f\u00f8lgende omkostninger ikke inkluderet i prisen for sejlturen: Ankomst og afrejse, transfer til og fra skibet, aftensmad, havneafgifter under turen, br\u00e6ndstofomkostninger, afgifter for ankerb\u00f8jer, opankring i smukke bugter.<\/p>\n<p><strong>3.4<\/strong> Hvis et bes\u00e6tningsmedlem aflyser krydstogtet, skal Nordpohl straks underrettes skriftligt (e-mail er tilstr\u00e6kkeligt). Hvis deltageren stiller med en erstatningsperson, vil alle hidtidige betalinger blive refunderet, s\u00e5 snart erstatningspersonen har betalt den fulde pris for krydstogtet.<\/p>\n<p>I dette tilf\u00e6lde opkr\u00e6ver Nordpohl et fast administrationsgebyr p\u00e5 150,00 euro til d\u00e6kning af de omkostninger\/udgifter, der er opst\u00e5et som f\u00f8lge heraf; bes\u00e6tningsmedlemmet forbeholder sig ret til at bevise, at Nordpohl er p\u00e5f\u00f8rt en mindre skade.<\/p>\n<p>Nordpohl har ret til at afvise en erstatningsperson, hvis denne person ikke opfylder kravene til deltagelse i den planlagte rejse.<\/p>\n<p><strong>F\u00f8lgende afbestillingsgebyrer g\u00e6lder:<\/strong><\/p>\n<p>Afbestilling op til 30 dage f\u00f8r krydstogtets start: 80% af den aftalte krydstogtpris.&nbsp;&nbsp;&nbsp;&nbsp;&nbsp;&nbsp;&nbsp;&nbsp;&nbsp;&nbsp;&nbsp;&nbsp;&nbsp;&nbsp;&nbsp;&nbsp;&nbsp;<\/p><p>Afbestilling mindre end 30 dage f\u00f8r krydstogtets start: 100% af den aftalte krydstogtpris.<\/p>\n<p>Bookinger foretaget inden for ovenst\u00e5ende afbestillingsperioder er ogs\u00e5 underlagt Nordpohls afbestillingsomkostninger.<\/p>\n<p><strong>BEM\u00c6RK: Rejseafbestillings-, ulykkes- og udenlandsk sygeforsikring (ekstra) anbefales p\u00e5 det kraftigste!<\/strong><\/p><p><strong style=\"text-align: var(--text-align); background-color: var( --e-global-color-vamtam_accent_5 ); color: var( --e-global-color-vamtam_accent_3 ); letter-spacing: var( --e-global-typography-vamtam_primary_font-letter-spacing ); text-transform: var( --e-global-typography-vamtam_primary_font-text-transform ); word-spacing: var( --e-global-typography-vamtam_primary_font-word-spacing );\">Planlagt rute\/afvigelser<\/strong><\/p>\n<p>Skipperen vil holde sig til de planlagte krydstogtsruter, s\u00e5 vidt vejret og andre omst\u00e6ndigheder, is\u00e6r med hensyn til bes\u00e6tningen, tillader det. Afvigelser fra krydstogtsruten vil blive diskuteret sammen og i sidste ende bestemt af skipperen som den person, der er ansvarlig for hele bes\u00e6tningen, og berettiger ikke til noget krav om kompensation - is\u00e6r i tilf\u00e6lde af vindstille, storme eller manglende tilg\u00e6ngelighed af bes\u00e6tningen - da s\u00e5danne p\u00e5virkninger er uundg\u00e5elige p\u00e5 sejlture.  Afgangs- og ankomsttidspunktet for sejlture kan \u00e6ndres, hvis ugunstige vejrforhold eller andre uforudsigelige begivenheder har f\u00f8rt til en forsinkelse p\u00e5 den foreg\u00e5ende tur. Selve krydstogtet kan ogs\u00e5 blive forl\u00e6nget af s\u00e5danne begivenheder p\u00e5 en s\u00e5dan m\u00e5de, at ankomstdagen bliver forsinket. S\u00e5danne forsinkelser p\u00e5 grund af vejrforhold eller andre uforudsigelige h\u00e6ndelser er undertiden uundg\u00e5elige p\u00e5 sejlture og berettiger ikke til noget krav om kompensation fra deltageren.<\/p><p><strong style=\"text-align: var(--text-align); background-color: var( --e-global-color-vamtam_accent_5 ); color: var( --e-global-color-vamtam_accent_3 ); letter-spacing: var( --e-global-typography-vamtam_primary_font-letter-spacing ); text-transform: var( --e-global-typography-vamtam_primary_font-text-transform ); word-spacing: var( --e-global-typography-vamtam_primary_font-word-spacing );\">Forsikring af bes\u00e6tningsmedlemmer<\/strong><\/p>\n<p>Deltageren er klar over, at han er bes\u00e6tningsmedlem p\u00e5 en sejlb\u00e5d og derfor skal opfylde visse krav.&nbsp;<strong>Sundhed<\/strong>&nbsp;og adf\u00e6rd hos alle krydstogtg\u00e6ster om bord.&nbsp;<strong>Deltagerne skal v\u00e6re raske og i stand til at sv\u00f8mme i mindst 15 minutter uden afbrydelser.<\/strong><\/p>\n<p>Bes\u00e6tningsmedlemmet bekr\u00e6fter, at han\/hun er ved godt helbred og i stand til at gennemf\u00f8re turen uden at bringe bes\u00e6tningen eller skibet i fare. Sygdom og afh\u00e6ngighed skal rapporteres til skipperen med det samme. Hvis bes\u00e6tningsmedlemmet overtr\u00e6der sine ovenn\u00e6vnte forsikringer eller giver falske oplysninger eller skjuler v\u00e6sentlige oplysninger, er han\/hun ansvarlig for den deraf f\u00f8lgende skade.<\/p><p><strong style=\"text-align: var(--text-align); background-color: var( --e-global-color-vamtam_accent_5 ); color: var( --e-global-color-vamtam_accent_3 ); letter-spacing: var( --e-global-typography-vamtam_primary_font-letter-spacing ); text-transform: var( --e-global-typography-vamtam_primary_font-text-transform ); word-spacing: var( --e-global-typography-vamtam_primary_font-word-spacing );\">Henvisning til eksisterende risici og forpligtelser<\/strong><\/p>\n<p>Ved booking anerkender deltageren, at han\/hun er klar over, at en sejltur, p\u00e5 trods af alle sikkerhedsforanstaltninger truffet af skipperen, i sagens natur indeb\u00e6rer en restrisiko. Deltagelse i denne sejltur og de tilknyttede aktiviteter er p\u00e5 deltagerens egen risiko. De er ansvarlige for sig selv og vil tr\u00e6ffe de n\u00f8dvendige foranstaltninger for deres personlige sikkerhed, uanset eventuelle instruktioner fra skipperen. Dette omfatter blandt andet obligatorisk brug af redningsveste og redningsb\u00e6lter.<\/p>\n<p><strong>Desuden forpligter hver deltager sig til straks at f\u00f8lge de instruktioner fra skipperen, der er n\u00f8dvendige for fart\u00f8jets drift, og til straks at informere skipperen om enhver h\u00e6ndelse, der kan bringe sikkerheden for personer, ejendom eller fart\u00f8jet i fare.<\/strong><\/p>\n<p>Hver deltager er ansvarlig for sin egen ankomst og afrejse. Det respektive krydstogt begynder med den f\u00f8rste ombordstigning p\u00e5 skibet som en del af det aftalte krydstogt.<\/p><p><\/p><p><strong style=\"text-align: var(--text-align); background-color: var( --e-global-color-vamtam_accent_5 ); color: var( --e-global-color-vamtam_accent_3 ); letter-spacing: var( --e-global-typography-vamtam_primary_font-letter-spacing ); text-transform: var( --e-global-typography-vamtam_primary_font-text-transform ); word-spacing: var( --e-global-typography-vamtam_primary_font-word-spacing );\">Forsikring<\/strong><\/p>\n<p>Skibet er d\u00e6kket af en kasko- og ansvarsforsikring med en d\u00e6kning p\u00e5 10 millioner euro for personskade, tingsskade og \u00f8konomisk tab. Uagtsom og fors\u00e6tlig \u00f8del\u00e6ggelse skal erstattes af den ansvarlige part. Der er ogs\u00e5 en ekstra ulykkesforsikring for passagerer pr. bes\u00e6tningsmedlem.<\/p><p><strong style=\"text-align: var(--text-align); background-color: var( --e-global-color-vamtam_accent_5 ); color: var( --e-global-color-vamtam_accent_3 ); letter-spacing: var( --e-global-typography-vamtam_primary_font-letter-spacing ); text-transform: var( --e-global-typography-vamtam_primary_font-text-transform ); word-spacing: var( --e-global-typography-vamtam_primary_font-word-spacing );\">Ansvar<\/strong><\/p>\n<p>Nordpohls eller skipperens ansvar for andre skader end personskader er begr\u00e6nset til krydstogtets pris, medmindre skaden er forvoldt ved fors\u00e6t eller grov uagtsomhed. Nordpohl er ikke ansvarlig for aflysning eller forringelse af krydstogtet, hvis dette er for\u00e5rsaget af d\u00e5rlige vejrforhold, force majeure (f.eks. politisk uro, krig, strejke eller statslig indgriben (konfiskation osv.)). Hvert bes\u00e6tningsmedlem rejser p\u00e5 egen risiko og giver afkald p\u00e5 alle erstatningskrav for person- og tingsskade mod Nordpohl, hvis skaden er for\u00e5rsaget af let uagtsomhed. Ansvarsfraskrivelsen g\u00e6lder ikke, hvis skaden er d\u00e6kket af en ansvarsforsikring eller er forvoldt fors\u00e6tligt eller ved grov uagtsomhed.<\/p><p><strong style=\"text-align: var(--text-align); background-color: var( --e-global-color-vamtam_accent_5 ); color: var( --e-global-color-vamtam_accent_3 ); letter-spacing: var( --e-global-typography-vamtam_primary_font-letter-spacing ); text-transform: var( --e-global-typography-vamtam_primary_font-text-transform ); word-spacing: var( --e-global-typography-vamtam_primary_font-word-spacing );\">Afbestilling fra Nordpohl<\/strong><\/p>\n<p>I tilf\u00e6lde af grove overtr\u00e6delser af skipperens anvisninger eller falske erkl\u00e6ringer fra bes\u00e6tningsmedlemmet om hans eller hendes person, som g\u00f8r det urimeligt at forvente, at bes\u00e6tningsmedlemmet forbliver om bord hos skipperen, og is\u00e6r bringer eller sandsynligvis vil bringe krydstogtets destination i fare, kan kontrakten opsiges af Nordpohl uden varsel. Det samme g\u00e6lder, hvis bes\u00e6tningsmedlemmet er eller bliver uegnet til at rejse p\u00e5 grund af sygdom, svagelighed eller handicap.<\/p><p><strong style=\"text-align: var(--text-align); background-color: var( --e-global-color-vamtam_accent_5 ); color: var( --e-global-color-vamtam_accent_3 ); letter-spacing: var( --e-global-typography-vamtam_primary_font-letter-spacing ); text-transform: var( --e-global-typography-vamtam_primary_font-text-transform ); word-spacing: var( --e-global-typography-vamtam_primary_font-word-spacing );\">Klausul om udelukkelse<\/strong><\/p>\n<p>Ugyldigheden af enkelte bestemmelser p\u00e5virker ikke gyldigheden af resten af kontrakten. Ugyldige bestemmelser i denne kontrakt kan erstattes af gyldige andre aftaler efter aftale mellem parterne. I modsat fald skal de fortolkes p\u00e5 en s\u00e5dan m\u00e5de, at de svarer til parternes oprindelige hensigt.<\/p><p><strong style=\"text-align: var(--text-align); background-color: var( --e-global-color-vamtam_accent_5 ); color: var( --e-global-color-vamtam_accent_3 ); letter-spacing: var( --e-global-typography-vamtam_primary_font-letter-spacing ); text-transform: var( --e-global-typography-vamtam_primary_font-text-transform ); word-spacing: var( --e-global-typography-vamtam_primary_font-word-spacing );\">Aftalens gyldighed<\/strong><\/p>\n<p>Afvigelser fra denne aftale eller \u00e6ndringer skal ske skriftligt (tekstform er tilstr\u00e6kkelig). Hvis dele af denne aftale er eller bliver ugyldige eller ikke kan h\u00e5ndh\u00e6ves, skal dette ikke p\u00e5virke gyldigheden af de \u00f8vrige dele af denne aftale eller gyldigheden af resten af denne aftale. Det samme g\u00e6lder, hvis det viser sig, at aftalen indeholder et smuthul. I stedet for den ugyldige del eller for at udfylde hullet skal denne aftale fortolkes p\u00e5 en s\u00e5dan m\u00e5de, at den kommer s\u00e5 t\u00e6t p\u00e5 det tilsigtede form\u00e5l som muligt. I et s\u00e5dant tilf\u00e6lde skal parterne bestr\u00e6be sig p\u00e5 at n\u00e5 frem til en aftale, der kommer s\u00e5 t\u00e6t som muligt p\u00e5 form\u00e5let med den ugyldige bestemmelse. Tvister skal i f\u00f8rste omgang afg\u00f8res i mindelighed, men skal i \u00f8vrigt reguleres af tysk lov.<\/p><p><strong style=\"text-align: var(--text-align); background-color: var( --e-global-color-vamtam_accent_5 ); color: var( --e-global-color-vamtam_accent_3 ); letter-spacing: var( --e-global-typography-vamtam_primary_font-letter-spacing ); text-transform: var( --e-global-typography-vamtam_primary_font-text-transform ); word-spacing: var( --e-global-typography-vamtam_primary_font-word-spacing );\">V\u00e6rneting og g\u00e6ldende lov<\/strong><\/p>\n<p>V\u00e6rneting for alle juridiske tvister, der opst\u00e5r som f\u00f8lge af deltagelseskontrakten, er Stuttgart, for s\u00e5 vidt som en reservation foretages af en iv\u00e6rks\u00e6tter i henhold til \u00a7 14 BGB.<\/p>\n<p>I alle andre henseender g\u00e6lder tysk lov.<\/p>\t\t\t\t\t\t\t\t<\/div>\n\t\t\t\t\t<\/div>\n\t\t\t\t<\/div>\n\t\t\t\t<\/div>","protected":false},"excerpt":{"rendered":"<p>AGB Nordpohl Mitseglervereinbarung Pr\u00e4ambel Ein Segelt\u00f6rn ist eine sportliche Angelegenheit. An Bord werden Entscheidungen nach M\u00f6glichkeit gemeinsam getroffen. Sie sind aktives Crewmitglied und kein Passagier. Dabei ist es jedoch selbstverst\u00e4ndlich, dass der Schiffsf\u00fchrer &nbsp;bei Fragen der Sicherheit und Seemannschaft, f\u00fcr die Crew verbindliche Entscheidungen trifft und diese Folge zu leisten ist. Die seem\u00e4nnischen Rechte und [&hellip;]<\/p>","protected":false},"author":1,"featured_media":0,"parent":0,"menu_order":0,"comment_status":"closed","ping_status":"closed","template":"","meta":{"footnotes":""},"class_list":["post-988939","page","type-page","status-publish","hentry"],"_links":{"self":[{"href":"https:\/\/www.nordpohl.me\/da\/wp-json\/wp\/v2\/pages\/988939","targetHints":{"allow":["GET"]}}],"collection":[{"href":"https:\/\/www.nordpohl.me\/da\/wp-json\/wp\/v2\/pages"}],"about":[{"href":"https:\/\/www.nordpohl.me\/da\/wp-json\/wp\/v2\/types\/page"}],"author":[{"embeddable":true,"href":"https:\/\/www.nordpohl.me\/da\/wp-json\/wp\/v2\/users\/1"}],"replies":[{"embeddable":true,"href":"https:\/\/www.nordpohl.me\/da\/wp-json\/wp\/v2\/comments?post=988939"}],"version-history":[{"count":4,"href":"https:\/\/www.nordpohl.me\/da\/wp-json\/wp\/v2\/pages\/988939\/revisions"}],"predecessor-version":[{"id":988944,"href":"https:\/\/www.nordpohl.me\/da\/wp-json\/wp\/v2\/pages\/988939\/revisions\/988944"}],"wp:attachment":[{"href":"https:\/\/www.nordpohl.me\/da\/wp-json\/wp\/v2\/media?parent=988939"}],"curies":[{"name":"wp","href":"https:\/\/api.w.org\/{rel}","templated":true}]}}