{"id":988945,"date":"2023-11-16T21:07:45","date_gmt":"2023-11-16T20:07:45","guid":{"rendered":"https:\/\/extali.de\/?page_id=988945"},"modified":"2025-05-10T17:52:26","modified_gmt":"2025-05-10T15:52:26","slug":"aftryk","status":"publish","type":"page","link":"https:\/\/www.nordpohl.me\/da\/aftryk\/","title":{"rendered":"Tryk"},"content":{"rendered":"<div data-elementor-type=\"wp-page\" data-elementor-id=\"988945\" class=\"elementor elementor-988945\" data-elementor-post-type=\"page\">\n\t\t\t\t<div class=\"elementor-element elementor-element-4970bd5 e-flex e-con-boxed e-con e-parent\" data-id=\"4970bd5\" data-element_type=\"container\" data-settings=\"{&quot;background_background&quot;:&quot;classic&quot;}\">\n\t\t\t\t\t<div class=\"e-con-inner\">\n\t\t\t\t\t<\/div>\n\t\t\t\t<\/div>\n\t\t<div class=\"elementor-element elementor-element-67f0bf8 e-flex e-con-boxed e-con e-parent\" data-id=\"67f0bf8\" data-element_type=\"container\">\n\t\t\t\t\t<div class=\"e-con-inner\">\n\t\t\t\t<div class=\"elementor-element elementor-element-1f600b7 elementor-widget elementor-widget-heading\" data-id=\"1f600b7\" data-element_type=\"widget\" data-widget_type=\"heading.default\">\n\t\t\t\t\t<h2 class=\"elementor-heading-title elementor-size-default\">Tryk<\/h2>\t\t\t\t<\/div>\n\t\t\t\t\t<\/div>\n\t\t\t\t<\/div>\n\t\t<div class=\"elementor-element elementor-element-65e0221 e-flex e-con-boxed e-con e-parent\" data-id=\"65e0221\" data-element_type=\"container\">\n\t\t\t\t\t<div class=\"e-con-inner\">\n\t\t\t\t<div class=\"elementor-element elementor-element-1016f6d elementor-widget elementor-widget-text-editor\" data-id=\"1016f6d\" data-element_type=\"widget\" data-widget_type=\"text-editor.default\">\n\t\t\t\t\t\t\t\t\t<p>\u00a0<\/p><p><b>Andreas Pohl<\/b><\/p><p>P\u00e5 uddybningssandet 14\u00a0<\/p><p>23570 L\u00fcbeck - Travem\u00fcnde<\/p><p>Internet: <a href=\"https:\/\/www.nordpohl.me\/da\" target=\"_blank\" rel=\"noopener\">nordpohl.me<\/a><\/p><p>e-mail: <a href=\"mailto:ahoi@nordpohl.me\">ahoi@nordpohl.me<\/a><\/p><p><strong>Ansvarlig for indholdet i henhold til \u00a7 18 Abs. 2 MStV<\/strong><\/p><p>Andreas Pohl, adresse se ovenfor.<\/p><p><strong>Ansvarsfraskrivelse<\/strong><br \/><strong>Ansvar for links:<\/strong><\/p><p>Vores hjemmeside indeholder links til eksterne tredjepartswebsteder, hvis indhold vi ikke har nogen indflydelse p\u00e5. Derfor kan vi ikke p\u00e5tage os noget ansvar for dette tredjepartsindhold. Den respektive udbyder eller operat\u00f8r af siderne er altid ansvarlig for indholdet af de linkede sider. De linkede sider blev kontrolleret for mulige lovovertr\u00e6delser p\u00e5 tidspunktet for linkningen. Ulovligt indhold var ikke genkendeligt p\u00e5 tidspunktet for linkningen. En permanent overv\u00e5gning af indholdet p\u00e5 de linkede sider er dog ikke rimelig uden konkrete beviser p\u00e5 en overtr\u00e6delse. Hvis vi bliver opm\u00e6rksomme p\u00e5 lovovertr\u00e6delser, vil vi straks fjerne s\u00e5danne links.<\/p><p><strong>Ansvar for indholdet:<\/strong><\/p><p>Indholdet p\u00e5 vores hjemmeside er udarbejdet med den st\u00f8rste omhu. Vi kan dog ikke p\u00e5tage os noget ansvar for indholdets n\u00f8jagtighed, fuldst\u00e6ndighed og aktualitet. Som tjenesteudbyder er vi ansvarlige for vores eget indhold p\u00e5 disse sider i henhold til \u00a7 7 stk. 1 TMG (den tyske telemedielov) og generelle love. I henhold til \u00a7 8 til 10 TMG er vi som tjenesteudbyder dog ikke forpligtet til at overv\u00e5ge transmitterede eller lagrede tredjepartsoplysninger eller til at unders\u00f8ge omst\u00e6ndigheder, der indikerer ulovlig aktivitet. Forpligtelser til at fjerne eller blokere brugen af oplysninger i overensstemmelse med den generelle lovgivning forbliver up\u00e5virket af dette. Ansvar i denne henseende er dog kun muligt fra tidspunktet for kendskab til en specifik overtr\u00e6delse. S\u00e5 snart vi bliver opm\u00e6rksomme p\u00e5 s\u00e5danne overtr\u00e6delser, vil vi straks fjerne dette indhold.<\/p><p><strong>Ophavsret<\/strong><\/p><p>Det indhold og de v\u00e6rker, der er skabt af webstedsoperat\u00f8rerne p\u00e5 disse sider, er underlagt tysk lov om ophavsret. Reproduktion, redigering, distribution og enhver form for anvendelse uden for gr\u00e6nserne af ophavsretsloven kr\u00e6ver skriftligt samtykke fra den respektive forfatter eller skaber. Downloads og kopier af denne side er kun tilladt til privat, ikke-kommerciel brug. For s\u00e5 vidt som indholdet p\u00e5 dette websted ikke er oprettet af operat\u00f8ren, respekteres tredjeparts ophavsret. Is\u00e6r er tredjepartsindhold m\u00e6rket som s\u00e5dan. Hvis du alligevel bliver opm\u00e6rksom p\u00e5 en kr\u00e6nkelse af ophavsretten, bedes du informere os herom. Hvis vi bliver opm\u00e6rksomme p\u00e5 eventuelle overtr\u00e6delser, vil vi straks fjerne s\u00e5dant indhold.<\/p><p>Billedkreditering: Brug af egne billeder samt fra Depositphotos.com &amp; Shutterstock. Bevis for licens kan f\u00e5s p\u00e5 anmodning.<\/p><p>Europa-Kommissionens platform for online tvistbil\u00e6ggelse (OS) for forbrugere:\u00a0<a title=\"Europa-Kommissionens platform for online tvistbil\u00e6ggelse (OS) for forbrugere\" href=\"https:\/\/ec.europa.eu\/consumers\/odr\/\" target=\"_blank\" rel=\"noopener noreferrer\"><strong>https:\/\/ec.europa.eu\/consumers\/odr\/<\/strong><\/a>. Jeg er ikke villig og ikke forpligtet til at deltage i en tvistbil\u00e6ggelsesprocedure ved et forbrugervoldgiftsn\u00e6vn.<\/p>\t\t\t\t\t\t\t\t<\/div>\n\t\t\t\t\t<\/div>\n\t\t\t\t<\/div>\n\t\t\t\t<\/div>","protected":false},"excerpt":{"rendered":"<p>Impressum \u00a0 Andreas Pohl Auf dem Baggersand 14\u00a0 23570 L\u00fcbeck &#8211; Travem\u00fcnde Internet: nordpohl.me E-Mail: ahoi@nordpohl.me Verantwortlich f\u00fcr den Inhalt nach \u00a7 18 Abs. 2 MStV Andreas Pohl, Adresse siehe oben. HaftungsausschlussHaftung f\u00fcr Links: Unser Angebot enth\u00e4lt Links zu externen Webseiten Dritter, auf deren Inhalte wir keinen Einfluss haben. Deshalb k\u00f6nnen wir f\u00fcr diese fremden [&hellip;]<\/p>","protected":false},"author":1,"featured_media":0,"parent":0,"menu_order":0,"comment_status":"closed","ping_status":"closed","template":"","meta":{"footnotes":""},"class_list":["post-988945","page","type-page","status-publish","hentry"],"_links":{"self":[{"href":"https:\/\/www.nordpohl.me\/da\/wp-json\/wp\/v2\/pages\/988945","targetHints":{"allow":["GET"]}}],"collection":[{"href":"https:\/\/www.nordpohl.me\/da\/wp-json\/wp\/v2\/pages"}],"about":[{"href":"https:\/\/www.nordpohl.me\/da\/wp-json\/wp\/v2\/types\/page"}],"author":[{"embeddable":true,"href":"https:\/\/www.nordpohl.me\/da\/wp-json\/wp\/v2\/users\/1"}],"replies":[{"embeddable":true,"href":"https:\/\/www.nordpohl.me\/da\/wp-json\/wp\/v2\/comments?post=988945"}],"version-history":[{"count":19,"href":"https:\/\/www.nordpohl.me\/da\/wp-json\/wp\/v2\/pages\/988945\/revisions"}],"predecessor-version":[{"id":989933,"href":"https:\/\/www.nordpohl.me\/da\/wp-json\/wp\/v2\/pages\/988945\/revisions\/989933"}],"wp:attachment":[{"href":"https:\/\/www.nordpohl.me\/da\/wp-json\/wp\/v2\/media?parent=988945"}],"curies":[{"name":"wp","href":"https:\/\/api.w.org\/{rel}","templated":true}]}}