{"id":988966,"date":"2023-11-16T21:25:08","date_gmt":"2023-11-16T20:25:08","guid":{"rendered":"https:\/\/extali.de\/?page_id=988966"},"modified":"2025-05-10T17:53:35","modified_gmt":"2025-05-10T15:53:35","slug":"kontakt","status":"publish","type":"page","link":"https:\/\/www.nordpohl.me\/da\/kontakt\/","title":{"rendered":"Kontakt os"},"content":{"rendered":"<div data-elementor-type=\"wp-page\" data-elementor-id=\"988966\" class=\"elementor elementor-988966\" data-elementor-post-type=\"page\">\n\t\t\t\t<div class=\"elementor-element elementor-element-4970bd5 e-flex e-con-boxed e-con e-parent\" data-id=\"4970bd5\" data-element_type=\"container\" data-settings=\"{&quot;background_background&quot;:&quot;classic&quot;}\">\n\t\t\t\t\t<div class=\"e-con-inner\">\n\t\t\t\t\t<\/div>\n\t\t\t\t<\/div>\n\t\t<div class=\"elementor-element elementor-element-645bad07 e-flex e-con-boxed e-con e-parent\" data-id=\"645bad07\" data-element_type=\"container\" id=\"KONTAKT\" data-settings=\"{&quot;background_background&quot;:&quot;classic&quot;}\">\n\t\t\t\t\t<div class=\"e-con-inner\">\n\t\t<div class=\"elementor-element elementor-element-632f3f25 e-flex e-con-boxed e-con e-child\" data-id=\"632f3f25\" data-element_type=\"container\" id=\"KONTAKT\" data-settings=\"{&quot;background_background&quot;:&quot;classic&quot;}\">\n\t\t\t\t\t<div class=\"e-con-inner\">\n\t\t<div class=\"elementor-element elementor-element-5d526aa2 e-con-full e-flex e-con e-child\" data-id=\"5d526aa2\" data-element_type=\"container\">\n\t\t<div class=\"elementor-element elementor-element-517736e7 e-con-full e-flex e-con e-child\" data-id=\"517736e7\" data-element_type=\"container\">\n\t\t\t\t<div class=\"elementor-element elementor-element-32e482ab elementor-widget elementor-widget-image\" data-id=\"32e482ab\" data-element_type=\"widget\" data-widget_type=\"image.default\">\n\t\t\t\t\t\t\t\t\t\t\t\t\t\t\t<img fetchpriority=\"high\" decoding=\"async\" width=\"801\" height=\"800\" src=\"https:\/\/www.nordpohl.me\/wp-content\/uploads\/2023\/11\/a5429a20-8ac3-4373-850a-1d74f6e5cbaa-1.jpg\" class=\"attachment-full size-full wp-image-988544\" alt=\"\" srcset=\"https:\/\/www.nordpohl.me\/wp-content\/uploads\/2023\/11\/a5429a20-8ac3-4373-850a-1d74f6e5cbaa-1.jpg 801w, https:\/\/www.nordpohl.me\/wp-content\/uploads\/2023\/11\/a5429a20-8ac3-4373-850a-1d74f6e5cbaa-1-300x300.jpg 300w, https:\/\/www.nordpohl.me\/wp-content\/uploads\/2023\/11\/a5429a20-8ac3-4373-850a-1d74f6e5cbaa-1-150x150.jpg 150w, https:\/\/www.nordpohl.me\/wp-content\/uploads\/2023\/11\/a5429a20-8ac3-4373-850a-1d74f6e5cbaa-1-768x767.jpg 768w\" sizes=\"(max-width: 801px) 100vw, 801px\" \/>\t\t\t\t\t\t\t\t\t\t\t\t\t\t\t<\/div>\n\t\t\t\t<\/div>\n\t\t\t\t<div class=\"elementor-element elementor-element-3163e4f9 elementor-widget-mobile__width-inherit elementor-widget elementor-widget-text-editor\" data-id=\"3163e4f9\" data-element_type=\"widget\" data-widget_type=\"text-editor.default\">\n\t\t\t\t\t\t\t\t\t<p>Andreas Pohl<br \/>Mail:\u00a0 \u00a0\u00a0<a href=\"mailto:ahoi@nordpohl.me\">ahoi@nordpohl.me<\/a><br \/>Mobil: +49 (0) 173 7868155<\/p><p>Adresse:<br \/>P\u00e5 uddybningssandet 14 <br \/>23570 L\u00fcbeck-Travem\u00fcnde\u00a0<\/p>\t\t\t\t\t\t\t\t<\/div>\n\t\t\t\t<div class=\"elementor-element elementor-element-1a0a7631 elementor-widget elementor-widget-html\" data-id=\"1a0a7631\" data-element_type=\"widget\" data-widget_type=\"html.default\">\n\t\t\t\t\t<style>\r\n    .header{\r\n        background: #0b1f427d !important;\r\n    }\r\n    @media only screen and (max-width: 768px) {\r\n    .header{\r\n        background: #0b1f42e0 !important;\r\n    }\r\n}\r\n<\/style>\r\n<script>\r\n    jQuery(document).ready(function() {\r\n      jQuery(window).scroll(function() {\r\n        var scroll = jQuery(window).scrollTop();\r\n\r\n        \/\/ Check if the user has scrolled 100px\r\n        if (scroll >= 50) {\r\n          jQuery('.header').css('background-color', '#0b1f42'); \/\/ Change background color to red\r\n        } else {\r\n          jQuery('.header').css('background-color', ''); \/\/ Revert to default background color if less than 100px scrolled\r\n        }\r\n      });\r\n    });\r\n  <\/script>\t\t\t\t<\/div>\n\t\t\t\t<\/div>\n\t\t<div class=\"elementor-element elementor-element-2e7a6c58 e-con-full e-flex e-con e-child\" data-id=\"2e7a6c58\" data-element_type=\"container\">\n\t\t\t\t<div class=\"elementor-element elementor-element-3deda7c4 elementor-widget elementor-widget-heading\" data-id=\"3deda7c4\" data-element_type=\"widget\" data-widget_type=\"heading.default\">\n\t\t\t\t\t<h2 class=\"elementor-heading-title elementor-size-default\">Har du lyst til havledelse og\npersonlig udvikling?<\/h2>\t\t\t\t<\/div>\n\t\t\t\t<div class=\"elementor-element elementor-element-7789a03d elementor-widget elementor-widget-heading\" data-id=\"7789a03d\" data-element_type=\"widget\" data-widget_type=\"heading.default\">\n\t\t\t\t\t<h2 class=\"elementor-heading-title elementor-size-default\">hvis du har lyst til at sejle med os eller har sp\u00f8rgsm\u00e5l?<\/h2>\t\t\t\t<\/div>\n\t\t\t\t<div class=\"elementor-element elementor-element-7c8c9880 elementor-widget elementor-widget-text-editor\" data-id=\"7c8c9880\" data-element_type=\"widget\" data-widget_type=\"text-editor.default\">\n\t\t\t\t\t\t\t\t\t<p>Bare ring til mig eller skriv en besked til mig.<\/p>\t\t\t\t\t\t\t\t<\/div>\n\t\t\t\t<div class=\"elementor-element elementor-element-279cb7c0 elementor-widget elementor-widget-heading\" data-id=\"279cb7c0\" data-element_type=\"widget\" data-widget_type=\"heading.default\">\n\t\t\t\t\t<h2 class=\"elementor-heading-title elementor-size-default\">Du er i centrum af denne unikke rejse: \n<\/h2>\t\t\t\t<\/div>\n\t\t\t\t<div class=\"elementor-element elementor-element-29a33067 elementor-widget elementor-widget-text-editor\" data-id=\"29a33067\" data-element_type=\"widget\" data-widget_type=\"text-editor.default\">\n\t\t\t\t\t\t\t\t\t<p>Vi tilrettel\u00e6gger turen og indholdet efter dine behov og m\u00e5l. Om bord ledsager vi <br \/>Jeg vil tage dig med p\u00e5 en tur p\u00e5 fem til otte dage, for vi vil g\u00e5 i dybden. Din rejse <br \/>Vi arbejder individuelt med dig og orienterer os efter dine behov og m\u00e5l.<\/p>\t\t\t\t\t\t\t\t<\/div>\n\t\t\t\t<div class=\"elementor-element elementor-element-2912a2b0 elementor-widget elementor-widget-heading\" data-id=\"2912a2b0\" data-element_type=\"widget\" data-widget_type=\"heading.default\">\n\t\t\t\t\t<h2 class=\"elementor-heading-title elementor-size-default\">Lad os bruge livets storme til at udvikle dine lederegenskaber\nudvikle, reflektere og realisere dit fulde potentiale.\nudfolde sig.\n<\/h2>\t\t\t\t<\/div>\n\t\t\t\t<div class=\"elementor-element elementor-element-5c2b5007 elementor-widget elementor-widget-text-editor\" data-id=\"5c2b5007\" data-element_type=\"widget\" data-widget_type=\"text-editor.default\">\n\t\t\t\t\t\t\t\t\t<p>Efter rejsen vil jeg forts\u00e6tte med at ledsage dig individuelt.<\/p>\t\t\t\t\t\t\t\t<\/div>\n\t\t\t\t<div class=\"elementor-element elementor-element-3b8ea4cd elementor-button-align-start elementor-widget elementor-widget-form\" data-id=\"3b8ea4cd\" data-element_type=\"widget\" data-settings=\"{&quot;step_next_label&quot;:&quot;Next&quot;,&quot;step_previous_label&quot;:&quot;Previous&quot;,&quot;button_width&quot;:&quot;100&quot;,&quot;step_type&quot;:&quot;number_text&quot;,&quot;step_icon_shape&quot;:&quot;circle&quot;}\" data-widget_type=\"form.default\">\n\t\t\t\t\t\t\t<form class=\"elementor-form\" method=\"post\" name=\"New Form\" aria-label=\"Ny formular\" action=\"\">\n\t\t\t<input type=\"hidden\" name=\"post_id\" value=\"988966\"\/>\n\t\t\t<input type=\"hidden\" name=\"form_id\" value=\"3b8ea4cd\"\/>\n\t\t\t<input type=\"hidden\" name=\"referer_title\" value=\"Kontakt zu Andreas Pohl auf der Nordpohl\" \/>\n\n\t\t\t\t\t\t\t<input type=\"hidden\" name=\"queried_id\" value=\"988966\"\/>\n\t\t\t\n\t\t\t<div class=\"elementor-form-fields-wrapper elementor-labels-above\">\n\t\t\t\t\t\t\t\t<div class=\"elementor-field-type-text elementor-field-group elementor-column elementor-field-group-name elementor-col-100\">\n\t\t\t\t\t\t\t\t\t\t\t\t<label for=\"form-field-name\" class=\"elementor-field-label\">\n\t\t\t\t\t\t\t\tNavn (obligatorisk felt)\t\t\t\t\t\t\t<\/label>\n\t\t\t\t\t\t\t\t\t\t\t\t\t\t<input size=\"1\" type=\"text\" name=\"form_fields[name]\" id=\"form-field-name\" class=\"elementor-field elementor-size-sm  elementor-field-textual\" placeholder=\"Navn\">\n\t\t\t\t\t\t\t\t\t\t\t<\/div>\n\t\t\t\t\t\t\t\t<div class=\"elementor-field-type-email elementor-field-group elementor-column elementor-field-group-email elementor-col-100 elementor-field-required\">\n\t\t\t\t\t\t\t\t\t\t\t\t<label for=\"form-field-email\" class=\"elementor-field-label\">\n\t\t\t\t\t\t\t\tE-mail-adresse (obligatorisk felt)\t\t\t\t\t\t\t<\/label>\n\t\t\t\t\t\t\t\t\t\t\t\t\t\t<input size=\"1\" type=\"email\" name=\"form_fields[email]\" id=\"form-field-email\" class=\"elementor-field elementor-size-sm  elementor-field-textual\" placeholder=\"e-mail\" required=\"required\">\n\t\t\t\t\t\t\t\t\t\t\t<\/div>\n\t\t\t\t\t\t\t\t<div class=\"elementor-field-type-select elementor-field-group elementor-column elementor-field-group-field_6950c2f elementor-col-100 elementor-field-required\">\n\t\t\t\t\t\t\t\t\t\t\t\t<label for=\"form-field-field_6950c2f\" class=\"elementor-field-label\">\n\t\t\t\t\t\t\t\tKrydstogt\t\t\t\t\t\t\t<\/label>\n\t\t\t\t\t\t\t\t<div class=\"elementor-field elementor-select-wrapper remove-before\">\n\t\t\t<div class=\"select-caret-down-wrapper\">\n\t\t\t\t<svg aria-hidden=\"true\" class=\"e-font-icon-svg e-eicon-caret-down\" viewbox=\"0 0 571.4 571.4\" xmlns=\"http:\/\/www.w3.org\/2000\/svg\"><path d=\"M571 393Q571 407 561 418L311 668Q300 679 286 679T261 668L11 418Q0 407 0 393T11 368 36 357H536Q550 357 561 368T571 393Z\"><\/path><\/svg>\t\t\t<\/div>\n\t\t\t<select name=\"form_fields[field_6950c2f]\" id=\"form-field-field_6950c2f\" class=\"elementor-field-textual elementor-size-sm\" required=\"required\">\n\t\t\t\t\t\t\t\t\t<option value=\"Sail &amp; Coach\">Sejl og bus<\/option>\n\t\t\t\t\t\t\t\t\t<option value=\"Sail &amp; Work\">Sejl og arbejd<\/option>\n\t\t\t\t\t\t\t\t\t<option value=\"Sail &amp; Relax\">Sejl og slap af<\/option>\n\t\t\t\t\t\t\t<\/select>\n\t\t<\/div>\n\t\t\t\t\t\t<\/div>\n\t\t\t\t\t\t\t\t<div class=\"elementor-field-type-tel elementor-field-group elementor-column elementor-field-group-field_42096c5 elementor-col-100 elementor-field-required\">\n\t\t\t\t\t\t\t\t\t\t\t\t<label for=\"form-field-field_42096c5\" class=\"elementor-field-label\">\n\t\t\t\t\t\t\t\tTelefon\t\t\t\t\t\t\t<\/label>\n\t\t\t\t\t\t\t\t<input size=\"1\" type=\"tel\" name=\"form_fields[field_42096c5]\" id=\"form-field-field_42096c5\" class=\"elementor-field elementor-size-sm  elementor-field-textual\" placeholder=\"0173 - 123456\" required=\"required\" pattern=\"[0-9()#&amp;+*-=.]+\" title=\"Kun tal eller telefonkoder (#, -, * osv.) accepteres.\">\n\n\t\t\t\t\t\t<\/div>\n\t\t\t\t\t\t\t\t<div class=\"elementor-field-type-textarea elementor-field-group elementor-column elementor-field-group-field_d7a25bf elementor-col-100\">\n\t\t\t\t\t\t\t\t\t\t\t\t<label for=\"form-field-field_d7a25bf\" class=\"elementor-field-label\">\n\t\t\t\t\t\t\t\tBesked\t\t\t\t\t\t\t<\/label>\n\t\t\t\t\t\t<textarea class=\"elementor-field-textual elementor-field  elementor-size-sm\" name=\"form_fields[field_d7a25bf]\" id=\"form-field-field_d7a25bf\" rows=\"4\" placeholder=\"Din besked til mig\"><\/textarea>\t\t\t\t<\/div>\n\t\t\t\t\t\t\t\t<div class=\"elementor-field-group elementor-column elementor-field-type-submit elementor-col-100 e-form__buttons\">\n\t\t\t\t\t<button class=\"elementor-button elementor-size-sm\" type=\"submit\">\n\t\t\t\t\t\t<span class=\"elementor-button-content-wrapper\">\n\t\t\t\t\t\t\t\t\t\t\t\t\t\t\t\t\t\t\t\t\t\t<span class=\"elementor-button-text\">Send nu<\/span>\n\t\t\t\t\t\t\t\t\t\t\t\t\t<\/span>\n\t\t\t\t\t<\/button>\n\t\t\t\t<\/div>\n\t\t\t<\/div>\n\t\t<input type=\"hidden\" name=\"trp-form-language\" value=\"da\"\/><\/form>\n\t\t\t\t\t\t<\/div>\n\t\t\t\t<\/div>\n\t\t\t\t\t<\/div>\n\t\t\t\t<\/div>\n\t\t\t\t\t<\/div>\n\t\t\t\t<\/div>\n\t\t\t\t<\/div>","protected":false},"excerpt":{"rendered":"<p>Andreas PohlMail:\u00a0 \u00a0\u00a0ahoi@nordpohl.meMobil: +49 (0)\u00a0173 7868155 Anschrift:Auf dem Baggersand 14 23570 L\u00fcbeck-Travem\u00fcnde\u00a0 Lust auf Meer Management und Pers\u00f6nlichkeitsentwicklung? wenn du mitsegeln m\u00f6chtest oder Fragen hast? Rufe mich bitte einfach an oder schreibe mir eine Nachricht. Du stehst bei dieser einzigartigen Reise im Mittelpunkt: Wir richten den T\u00f6rn und die Inhalte gezielt nach deinen Bed\u00fcrfnissen und [&hellip;]<\/p>","protected":false},"author":1,"featured_media":0,"parent":0,"menu_order":0,"comment_status":"closed","ping_status":"closed","template":"","meta":{"footnotes":""},"class_list":["post-988966","page","type-page","status-publish","hentry"],"_links":{"self":[{"href":"https:\/\/www.nordpohl.me\/da\/wp-json\/wp\/v2\/pages\/988966","targetHints":{"allow":["GET"]}}],"collection":[{"href":"https:\/\/www.nordpohl.me\/da\/wp-json\/wp\/v2\/pages"}],"about":[{"href":"https:\/\/www.nordpohl.me\/da\/wp-json\/wp\/v2\/types\/page"}],"author":[{"embeddable":true,"href":"https:\/\/www.nordpohl.me\/da\/wp-json\/wp\/v2\/users\/1"}],"replies":[{"embeddable":true,"href":"https:\/\/www.nordpohl.me\/da\/wp-json\/wp\/v2\/comments?post=988966"}],"version-history":[{"count":46,"href":"https:\/\/www.nordpohl.me\/da\/wp-json\/wp\/v2\/pages\/988966\/revisions"}],"predecessor-version":[{"id":989939,"href":"https:\/\/www.nordpohl.me\/da\/wp-json\/wp\/v2\/pages\/988966\/revisions\/989939"}],"wp:attachment":[{"href":"https:\/\/www.nordpohl.me\/da\/wp-json\/wp\/v2\/media?parent=988966"}],"curies":[{"name":"wp","href":"https:\/\/api.w.org\/{rel}","templated":true}]}}