{"id":989429,"date":"2025-04-23T15:31:52","date_gmt":"2025-04-23T13:31:52","guid":{"rendered":"https:\/\/7us.de\/?page_id=989429"},"modified":"2025-05-23T20:04:49","modified_gmt":"2025-05-23T18:04:49","slug":"om-mig","status":"publish","type":"page","link":"https:\/\/www.nordpohl.me\/da\/om-mig\/","title":{"rendered":"Om mig"},"content":{"rendered":"<div data-elementor-type=\"wp-page\" data-elementor-id=\"989429\" class=\"elementor elementor-989429\" data-elementor-post-type=\"page\">\n\t\t\t\t<div class=\"elementor-element elementor-element-4970bd5 e-flex e-con-boxed e-con e-parent\" data-id=\"4970bd5\" data-element_type=\"container\" data-settings=\"{&quot;background_background&quot;:&quot;classic&quot;}\">\n\t\t\t\t\t<div class=\"e-con-inner\">\n\t\t\t\t\t<\/div>\n\t\t\t\t<\/div>\n\t\t<div class=\"elementor-element elementor-element-52f6543 e-flex e-con-boxed e-con e-child\" data-id=\"52f6543\" data-element_type=\"container\" data-settings=\"{&quot;background_background&quot;:&quot;classic&quot;}\">\n\t\t\t\t\t<div class=\"e-con-inner\">\n\t\t<div class=\"elementor-element elementor-element-7395337 e-con-full e-flex e-con e-child\" data-id=\"7395337\" data-element_type=\"container\">\n\t\t\t\t<div class=\"elementor-element elementor-element-a72f2f0 elementor-widget elementor-widget-spacer\" data-id=\"a72f2f0\" data-element_type=\"widget\" data-widget_type=\"spacer.default\">\n\t\t\t\t\t\t\t<div class=\"elementor-spacer\">\n\t\t\t<div class=\"elementor-spacer-inner\"><\/div>\n\t\t<\/div>\n\t\t\t\t\t\t<\/div>\n\t\t\t\t<div class=\"elementor-element elementor-element-d466689 elementor-widget__width-initial elementor-widget elementor-widget-heading\" data-id=\"d466689\" data-element_type=\"widget\" data-widget_type=\"heading.default\">\n\t\t\t\t\t<h2 class=\"elementor-heading-title elementor-size-default\">Om mig<\/h2>\t\t\t\t<\/div>\n\t\t\t\t<div class=\"elementor-element elementor-element-9680098 elementor-widget elementor-widget-spacer\" data-id=\"9680098\" data-element_type=\"widget\" data-widget_type=\"spacer.default\">\n\t\t\t\t\t\t\t<div class=\"elementor-spacer\">\n\t\t\t<div class=\"elementor-spacer-inner\"><\/div>\n\t\t<\/div>\n\t\t\t\t\t\t<\/div>\n\t\t\t\t<\/div>\n\t\t\t\t\t<\/div>\n\t\t\t\t<\/div>\n\t\t<div class=\"elementor-element elementor-element-51118e1f e-flex e-con-boxed e-con e-parent\" data-id=\"51118e1f\" data-element_type=\"container\" data-settings=\"{&quot;background_background&quot;:&quot;classic&quot;}\">\n\t\t\t\t\t<div class=\"e-con-inner\">\n\t\t<div class=\"elementor-element elementor-element-387e5a84 e-con-full e-flex e-con e-child\" data-id=\"387e5a84\" data-element_type=\"container\">\n\t\t\t\t<div class=\"elementor-element elementor-element-343ad1 elementor-widget elementor-widget-text-editor\" data-id=\"343ad1\" data-element_type=\"widget\" data-widget_type=\"text-editor.default\">\n\t\t\t\t\t\t\t\t\t<p><strong>Som leder<\/strong> Jeg har med succes v\u00e6ret ansvarlig for projekter og opgaver i ind- og udland i mere end 30 \u00e5r. Forandring har altid v\u00e6ret en del af dette: Omstrukturerings- og forandringsprocesser, nye forretningsmodeller og n\u00f8dvendige transformationsprocesser.<\/p>\t\t\t\t\t\t\t\t<\/div>\n\t\t\t\t<div class=\"elementor-element elementor-element-b6240cb elementor-widget elementor-widget-text-editor\" data-id=\"b6240cb\" data-element_type=\"widget\" data-widget_type=\"text-editor.default\">\n\t\t\t\t\t\t\t\t\t<p><strong>I frivilligt arbejde<\/strong> I mange \u00e5r var jeg involveret i flere sociale non-profit organisationer som bestyrelsesformand og i offentlige funktioner, og jeg arbejdede ogs\u00e5 som l\u00e6gdommer i strafferetten - og l\u00e6rte meget om samarbejde under disse aktiviteter.<\/p>\t\t\t\t\t\t\t\t<\/div>\n\t\t\t\t<div class=\"elementor-element elementor-element-e453dd4 elementor-widget elementor-widget-text-editor\" data-id=\"e453dd4\" data-element_type=\"widget\" data-widget_type=\"text-editor.default\">\n\t\t\t\t\t\t\t\t\t<p><strong>Sejlads<\/strong> som barn i Hamborg ved Elben og senere ved \u00d8sters\u00f8en. Det er stadig nogle af mine yndlingsomr\u00e5der i dag. Da jeg har boet og arbejdet forskellige steder i verden, har jeg ogs\u00e5 haft mulighed for at l\u00e6re sejladsomr\u00e5der i Biscayabugten, Middelhavet, Den Mexicanske Golf, ud for USA's \u00f8stkyst og Canada at kende p\u00e5 forskellige b\u00e5dtyper. Jeg har nu mere end 65.000 s\u00f8mil i sejlererfaring.<\/p>\t\t\t\t\t\t\t\t<\/div>\n\t\t\t\t<div class=\"elementor-element elementor-element-37861c6f elementor-widget elementor-widget-text-editor\" data-id=\"37861c6f\" data-element_type=\"widget\" data-widget_type=\"text-editor.default\">\n\t\t\t\t\t\t\t\t\t<p><strong>Mine resultater og erfaringer<\/strong>Den erfaring, jeg har f\u00e5et i mit arbejde som erhvervs- og personlighedscoach, is\u00e6r med at h\u00e5ndtere modstand, uopn\u00e5ede m\u00e5l og \u00e6ndrede rammebetingelser, er indarbejdet i mit nuv\u00e6rende arbejde. Det nyder ogs\u00e5 godt af min to\u00e5rige uddannelse som systemisk forretningscoach, konsulent og tr\u00e6ner. Som coach bruger jeg kun metoder, der er certificeret af DVNLP, DVCT og ECA, og som jeg har afpr\u00f8vet og testet i praksis.<\/p>\t\t\t\t\t\t\t\t<\/div>\n\t\t\t\t<div class=\"elementor-element elementor-element-45d57557 elementor-widget elementor-widget-text-editor\" data-id=\"45d57557\" data-element_type=\"widget\" data-widget_type=\"text-editor.default\">\n\t\t\t\t\t\t\t\t\t<p><strong>Min rejse med post-Covid og tr\u00e6thed<\/strong> har l\u00e6rt mig den mest varige kurs\u00e6ndring. Efter at have vendt mit liv som leder ryggen i slutningen af 2021 for at videreuddanne mig som coach, tr\u00e6ner og konsulent ved siden af mine mange frivillige stillinger, forpurrede Covid-19-virussen mine planer for fremtiden i 2022. I december 2022 blev jeg diagnosticeret med Long Covid med ME\/CFS. Det resulterede i betydelige neurologiske funktionsneds\u00e6ttelser. Medicinsk rehabilitering i januar 2024 gjorde det klart for mig: Du er n\u00f8dt til at tilpasse dig dine evner, dvs. acceptere og respektere de \u00e6ndrede fysiske gr\u00e6nser. Jeg m\u00e5tte derfor opgive mit arbejdskr\u00e6vende frivillige arbejde, som jeg investerede 50 til 70 timer i om ugen. Mine funktionsneds\u00e6ttelser vil best\u00e5, og sandsynligvis ogs\u00e5 graden af 50 procents invaliditet. Men jeg ser fortr\u00f8stningsfuldt p\u00e5 fremtiden: Osteopatiske tiltag, yoga og pacing giver lindring, min sejlb\u00e5d er udstyret og opgraderet med hj\u00e6lpemidler til selvst\u00e6ndig og str\u00f8ml\u00f8s sejlads. Og der er \u00e9n ting, som virussen ikke har form\u00e5et at g\u00f8re: At forhindre mig i at ledsage folk p\u00e5 deres vej til selvopdagelse som forretnings- og personlighedscoach i den anden halvdel af mit liv. Fra bunden af mit hjerte og med al min styrke.<\/p>\t\t\t\t\t\t\t\t<\/div>\n\t\t\t\t<\/div>\n\t\t<div class=\"elementor-element elementor-element-54856d15 e-con-full e-flex e-con e-child\" data-id=\"54856d15\" data-element_type=\"container\">\n\t\t\t\t<div class=\"elementor-element elementor-element-7cd2b0f6 elementor-widget elementor-widget-image\" data-id=\"7cd2b0f6\" data-element_type=\"widget\" data-widget_type=\"image.default\">\n\t\t\t\t\t\t\t\t\t\t\t\t\t\t\t<img fetchpriority=\"high\" decoding=\"async\" width=\"800\" height=\"800\" src=\"https:\/\/www.nordpohl.me\/wp-content\/uploads\/2023\/11\/fda2958b-513d-4e35-b2ab-d850d2a34a26-1.jpg\" class=\"attachment-full size-full wp-image-988090\" alt=\"\" srcset=\"https:\/\/www.nordpohl.me\/wp-content\/uploads\/2023\/11\/fda2958b-513d-4e35-b2ab-d850d2a34a26-1.jpg 800w, https:\/\/www.nordpohl.me\/wp-content\/uploads\/2023\/11\/fda2958b-513d-4e35-b2ab-d850d2a34a26-1-300x300.jpg 300w, https:\/\/www.nordpohl.me\/wp-content\/uploads\/2023\/11\/fda2958b-513d-4e35-b2ab-d850d2a34a26-1-150x150.jpg 150w, https:\/\/www.nordpohl.me\/wp-content\/uploads\/2023\/11\/fda2958b-513d-4e35-b2ab-d850d2a34a26-1-768x768.jpg 768w\" sizes=\"(max-width: 800px) 100vw, 800px\" \/>\t\t\t\t\t\t\t\t\t\t\t\t\t\t\t<\/div>\n\t\t\t\t<\/div>\n\t\t\t\t\t<\/div>\n\t\t\t\t<\/div>\n\t\t\t\t<\/div>","protected":false},"excerpt":{"rendered":"<p>\u00dcber mich Als F\u00fchrungskraft habe ich mehr als 30 Jahre lang erfolgreich Projekte und Aufgaben im In- und Ausland verantwortet. Wandlung geh\u00f6rte stets dazu: Umstrukturierungen und Ver\u00e4nderungsprozesse, neue Gesch\u00e4ftsmodelle und erforderliche Transformationsprozesse. Im Ehrenamt engagierte ich mich \u00fcber viele Jahre hinweg als Vorstandsvorsitzender in mehreren sozialen Non-Profit-Organisationen und in \u00f6ffentlichen Funktionen, war zudem als Sch\u00f6ffe [&hellip;]<\/p>","protected":false},"author":3,"featured_media":0,"parent":0,"menu_order":0,"comment_status":"closed","ping_status":"closed","template":"","meta":{"footnotes":""},"class_list":["post-989429","page","type-page","status-publish","hentry"],"_links":{"self":[{"href":"https:\/\/www.nordpohl.me\/da\/wp-json\/wp\/v2\/pages\/989429","targetHints":{"allow":["GET"]}}],"collection":[{"href":"https:\/\/www.nordpohl.me\/da\/wp-json\/wp\/v2\/pages"}],"about":[{"href":"https:\/\/www.nordpohl.me\/da\/wp-json\/wp\/v2\/types\/page"}],"author":[{"embeddable":true,"href":"https:\/\/www.nordpohl.me\/da\/wp-json\/wp\/v2\/users\/3"}],"replies":[{"embeddable":true,"href":"https:\/\/www.nordpohl.me\/da\/wp-json\/wp\/v2\/comments?post=989429"}],"version-history":[{"count":38,"href":"https:\/\/www.nordpohl.me\/da\/wp-json\/wp\/v2\/pages\/989429\/revisions"}],"predecessor-version":[{"id":990042,"href":"https:\/\/www.nordpohl.me\/da\/wp-json\/wp\/v2\/pages\/989429\/revisions\/990042"}],"wp:attachment":[{"href":"https:\/\/www.nordpohl.me\/da\/wp-json\/wp\/v2\/media?parent=989429"}],"curies":[{"name":"wp","href":"https:\/\/api.w.org\/{rel}","templated":true}]}}