{"id":989439,"date":"2025-04-23T15:49:09","date_gmt":"2025-04-23T13:49:09","guid":{"rendered":"https:\/\/7us.de\/?page_id=989439"},"modified":"2025-05-23T20:26:30","modified_gmt":"2025-05-23T18:26:30","slug":"om-sy-nordpohl","status":"publish","type":"page","link":"https:\/\/www.nordpohl.me\/da\/om-sy-nordpohl\/","title":{"rendered":"Om SY NORDPOHL"},"content":{"rendered":"<div data-elementor-type=\"wp-page\" data-elementor-id=\"989439\" class=\"elementor elementor-989439\" data-elementor-post-type=\"page\">\n\t\t\t\t<div class=\"elementor-element elementor-element-4970bd5 e-flex e-con-boxed e-con e-parent\" data-id=\"4970bd5\" data-element_type=\"container\" data-settings=\"{&quot;background_background&quot;:&quot;classic&quot;}\">\n\t\t\t\t\t<div class=\"e-con-inner\">\n\t\t\t\t\t<\/div>\n\t\t\t\t<\/div>\n\t\t<div class=\"elementor-element elementor-element-4c17a80f e-flex e-con-boxed e-con e-child\" data-id=\"4c17a80f\" data-element_type=\"container\" data-settings=\"{&quot;background_background&quot;:&quot;classic&quot;}\">\n\t\t\t\t\t<div class=\"e-con-inner\">\n\t\t<div class=\"elementor-element elementor-element-fe879e0 e-con-full e-flex e-con e-child\" data-id=\"fe879e0\" data-element_type=\"container\">\n\t\t\t\t<div class=\"elementor-element elementor-element-2dc6133e elementor-widget elementor-widget-spacer\" data-id=\"2dc6133e\" data-element_type=\"widget\" data-widget_type=\"spacer.default\">\n\t\t\t\t\t\t\t<div class=\"elementor-spacer\">\n\t\t\t<div class=\"elementor-spacer-inner\"><\/div>\n\t\t<\/div>\n\t\t\t\t\t\t<\/div>\n\t\t\t\t<div class=\"elementor-element elementor-element-aa00dd0 elementor-widget__width-initial elementor-widget elementor-widget-heading\" data-id=\"aa00dd0\" data-element_type=\"widget\" data-widget_type=\"heading.default\">\n\t\t\t\t\t<h2 class=\"elementor-heading-title elementor-size-default\">SY Nordpohl<\/h2>\t\t\t\t<\/div>\n\t\t\t\t<div class=\"elementor-element elementor-element-a7c0e7b elementor-widget elementor-widget-spacer\" data-id=\"a7c0e7b\" data-element_type=\"widget\" data-widget_type=\"spacer.default\">\n\t\t\t\t\t\t\t<div class=\"elementor-spacer\">\n\t\t\t<div class=\"elementor-spacer-inner\"><\/div>\n\t\t<\/div>\n\t\t\t\t\t\t<\/div>\n\t\t\t\t<div class=\"elementor-element elementor-element-762b1dbd elementor-widget__width-initial elementor-widget elementor-widget-heading\" data-id=\"762b1dbd\" data-element_type=\"widget\" data-widget_type=\"heading.default\">\n\t\t\t\t\t<h2 class=\"elementor-heading-title elementor-size-default\">Havlegende med<\/h2>\t\t\t\t<\/div>\n\t\t\t\t<div class=\"elementor-element elementor-element-30af2015 elementor-widget__width-initial elementor-widget elementor-widget-heading\" data-id=\"30af2015\" data-element_type=\"widget\" data-widget_type=\"heading.default\">\n\t\t\t\t\t<h2 class=\"elementor-heading-title elementor-size-default\">Topmoderne udstyr<\/h2>\t\t\t\t<\/div>\n\t\t\t\t<\/div>\n\t\t\t\t\t<\/div>\n\t\t\t\t<\/div>\n\t\t<div class=\"elementor-element elementor-element-67f0bf8 e-flex e-con-boxed e-con e-parent\" data-id=\"67f0bf8\" data-element_type=\"container\">\n\t\t\t\t\t<div class=\"e-con-inner\">\n\t\t\t\t<div class=\"elementor-element elementor-element-6aaab78 elementor-widget elementor-widget-spacer\" data-id=\"6aaab78\" data-element_type=\"widget\" data-widget_type=\"spacer.default\">\n\t\t\t\t\t\t\t<div class=\"elementor-spacer\">\n\t\t\t<div class=\"elementor-spacer-inner\"><\/div>\n\t\t<\/div>\n\t\t\t\t\t\t<\/div>\n\t\t\t\t\t<\/div>\n\t\t\t\t<\/div>\n\t\t<div class=\"elementor-element elementor-element-767c337 e-flex e-con-boxed e-con e-parent\" data-id=\"767c337\" data-element_type=\"container\">\n\t\t\t\t\t<div class=\"e-con-inner\">\n\t\t\t\t<div class=\"elementor-element elementor-element-7cbfa8b elementor-widget elementor-widget-text-editor\" data-id=\"7cbfa8b\" data-element_type=\"widget\" data-widget_type=\"text-editor.default\">\n\t\t\t\t\t\t\t\t\t<p>NORDPOHL er en elegant og kraftfuld sejlb\u00e5d, en af 62 oceang\u00e5ende cruiseb\u00e5de bygget som slop p\u00e5 verdensplan, bygget i 1988 af det anerkendte Conyplex-v\u00e6rft, nu Contest i Medemblik, Holland, og fuldt certificeret af Lloyds. Contest 38 S er designet af Dick Zaal med komfortable faciliteter og tilbyder h\u00f8j effektivitet til s\u00f8s og komfort i havnen. Den n\u00e6nsomt restaurerede NORDPOHL byder p\u00e5 en luksuri\u00f8s atmosf\u00e6re, rigelig opbevaringsplads og st\u00e5h\u00f8jde samt et smart og effektivt layout, der g\u00f8r den ideel til lange rejser. Det 38 fod lange fart\u00f8j har et rummeligt centercockpit, et praktisk layout og fremragende sejlegenskaber.<\/p><p>SY Nordpohl blev gennemgribende restaureret fra 2021 til 2024. Yachten blev bragt op til de nyeste tekniske sikkerhedsstandarder og udstyret med 5G-net og adskillige komfortopgraderinger. Bevarelsen af det grundl\u00e6ggende stof af h\u00f8j kvalitet, herunder teakd\u00e6kket og teakbeslagene, bestemte hele restaureringen. Ombygningen omfattede ogs\u00e5 udskiftning af sejl og alle l\u00f8bende og st\u00e5ende materialer. Sammenlignet med en ny masseproduceret yacht har SY Nordpohl nu en unik s\u00f8dygtighed og h\u00f8j v\u00e6rdibevarelse.<\/p><h4><span style=\"color: #d0b275;\"><strong>Et b\u00e6redygtigt rejsek\u00f8ret\u00f8j med et minimalt \u00f8kologisk fodaftryk<\/strong><\/span><\/h4><p>Vinden er en uudt\u00f8mmelig og ren energikilde, som driver os p\u00e5 vandet. Det reducerer ikke kun kuldioxidudledningen, men minimerer ogs\u00e5 andre skadelige udledninger som kv\u00e6lstofoxider og svovldioxid, der bidrager til luftforurening og klimaforandringer. Vi reducerer ogs\u00e5 andre former for milj\u00f8forurening: Brugen af dieselmotorer i motoriserede yachter kan f\u00f8re til olieforurening i vandet, hvilket er en stor belastning for havets \u00f8kosystem. Vi bruger kun vores turbodieselmotor, n\u00e5r det er uundg\u00e5eligt - n\u00e5r vi fort\u00f8jer og kaster los eller i vedvarende vindstille.<\/p><p>B\u00e6redygtighedskonceptet bestemte ogs\u00e5 den omfattende ombygning: Renoveringen af eksisterende materialer og brugen af nye materialer med lavt kulstofindhold understreger SY NORDPOHLs milj\u00f8venlighed. Modul\u00e6re solceller leverer elektricitet om bord, og et vandbehandlingssystem vil omdanne havvand til drikkevand.<\/p><p>Som sejler og skibsreder er jeg aktivt engageret i at beskytte havene og er involveret i initiativer til at rydde op i havene og ved kysterne. Ved at deltage i MidsummerSail 2025 st\u00f8tter jeg fokus p\u00e5 milj\u00f8venlige teknologier og metoder inden for sejlads, s\u00e5som at undg\u00e5 engangsplast, bruge biologisk nedbrydelige materialer og fremme genbrugsprogrammer.<\/p>\t\t\t\t\t\t\t\t<\/div>\n\t\t\t\t<div class=\"elementor-element elementor-element-a7e88eb elementor-widget elementor-widget-spacer\" data-id=\"a7e88eb\" data-element_type=\"widget\" data-widget_type=\"spacer.default\">\n\t\t\t\t\t\t\t<div class=\"elementor-spacer\">\n\t\t\t<div class=\"elementor-spacer-inner\"><\/div>\n\t\t<\/div>\n\t\t\t\t\t\t<\/div>\n\t\t\t\t\t<\/div>\n\t\t\t\t<\/div>\n\t\t\t\t<\/div>","protected":false},"excerpt":{"rendered":"<p>SY Nordpohl Hochseelegende mit modernster ausstattung Als elegante und leistungsstarke Segelyacht geh\u00f6rt die NORDPOHL zu weltweit 62 als Slop gebauten Hochsee-Fahrtenyachten, 1988 von der renommierten Werft Conyplex, heute Contest in Medemblik, Niederlande, gebaut und vollst\u00e4ndig von Lloyds zertifiziert. Von Dick Zaal mit komfortablen Einrichtungen entworfen, bietet die Contest 38 S hohe Effizienz auf See und [&hellip;]<\/p>","protected":false},"author":3,"featured_media":0,"parent":0,"menu_order":0,"comment_status":"closed","ping_status":"closed","template":"","meta":{"footnotes":""},"class_list":["post-989439","page","type-page","status-publish","hentry"],"_links":{"self":[{"href":"https:\/\/www.nordpohl.me\/da\/wp-json\/wp\/v2\/pages\/989439","targetHints":{"allow":["GET"]}}],"collection":[{"href":"https:\/\/www.nordpohl.me\/da\/wp-json\/wp\/v2\/pages"}],"about":[{"href":"https:\/\/www.nordpohl.me\/da\/wp-json\/wp\/v2\/types\/page"}],"author":[{"embeddable":true,"href":"https:\/\/www.nordpohl.me\/da\/wp-json\/wp\/v2\/users\/3"}],"replies":[{"embeddable":true,"href":"https:\/\/www.nordpohl.me\/da\/wp-json\/wp\/v2\/comments?post=989439"}],"version-history":[{"count":32,"href":"https:\/\/www.nordpohl.me\/da\/wp-json\/wp\/v2\/pages\/989439\/revisions"}],"predecessor-version":[{"id":990062,"href":"https:\/\/www.nordpohl.me\/da\/wp-json\/wp\/v2\/pages\/989439\/revisions\/990062"}],"wp:attachment":[{"href":"https:\/\/www.nordpohl.me\/da\/wp-json\/wp\/v2\/media?parent=989439"}],"curies":[{"name":"wp","href":"https:\/\/api.w.org\/{rel}","templated":true}]}}