{"id":989593,"date":"2025-05-05T13:03:45","date_gmt":"2025-05-05T11:03:45","guid":{"rendered":"https:\/\/7us.de\/?page_id=989593"},"modified":"2025-12-25T19:22:12","modified_gmt":"2025-12-25T18:22:12","slug":"start","status":"publish","type":"page","link":"https:\/\/www.nordpohl.me\/da\/","title":{"rendered":"Nordpohl"},"content":{"rendered":"<div data-elementor-type=\"wp-page\" data-elementor-id=\"989593\" class=\"elementor elementor-989593\" data-elementor-post-type=\"page\">\n\t\t\t\t<div class=\"elementor-element elementor-element-04d2e8d e-con-full e-flex e-con e-parent\" data-id=\"04d2e8d\" data-element_type=\"container\" id=\"first-nord\" data-settings=\"{&quot;background_background&quot;:&quot;video&quot;,&quot;background_video_link&quot;:&quot;https:\\\/\\\/www.nordpohl.me\\\/wp-content\\\/uploads\\\/2025\\\/05\\\/nordpohl_video_loop_2025.mp4&quot;}\">\n\t\t<div class=\"elementor-background-video-container elementor-hidden-mobile\" aria-hidden=\"true\">\n\t\t\t\t\t\t\t<video class=\"elementor-background-video-hosted\" autoplay muted playsinline loop><\/video>\n\t\t\t\t\t<\/div><div class=\"elementor-element elementor-element-39cffaf e-flex e-con-boxed e-con e-child\" data-id=\"39cffaf\" data-element_type=\"container\" data-settings=\"{&quot;background_background&quot;:&quot;video&quot;}\">\n\t\t\t\t\t<div class=\"e-con-inner\">\n\t\t<div class=\"elementor-element elementor-element-5457cc5 e-con-full e-flex e-con e-child\" data-id=\"5457cc5\" data-element_type=\"container\">\n\t\t\t\t<div class=\"elementor-element elementor-element-897325b elementor-widget elementor-widget-spacer\" data-id=\"897325b\" data-element_type=\"widget\" data-widget_type=\"spacer.default\">\n\t\t\t\t\t\t\t<div class=\"elementor-spacer\">\n\t\t\t<div class=\"elementor-spacer-inner\"><\/div>\n\t\t<\/div>\n\t\t\t\t\t\t<\/div>\n\t\t\t\t<div class=\"elementor-element elementor-element-b1279da elementor-widget__width-initial elementor-widget elementor-widget-heading\" data-id=\"b1279da\" data-element_type=\"widget\" data-widget_type=\"heading.default\">\n\t\t\t\t\t<h2 class=\"elementor-heading-title elementor-size-default\">Uanset om det er et s\u00e6rligt sted<\/h2>\t\t\t\t<\/div>\n\t\t\t\t<div class=\"elementor-element elementor-element-5d51440 elementor-widget__width-initial elementor-widget elementor-widget-heading\" data-id=\"5d51440\" data-element_type=\"widget\" data-widget_type=\"heading.default\">\n\t\t\t\t\t<h2 class=\"elementor-heading-title elementor-size-default\"> til videreudvikling<\/h2>\t\t\t\t<\/div>\n\t\t\t\t<div class=\"elementor-element elementor-element-502d214 elementor-widget__width-initial elementor-widget elementor-widget-heading\" data-id=\"502d214\" data-element_type=\"widget\" data-widget_type=\"heading.default\">\n\t\t\t\t\t<h2 class=\"elementor-heading-title elementor-size-default\">til arbejde eller<\/h2>\t\t\t\t<\/div>\n\t\t\t\t<div class=\"elementor-element elementor-element-2f0eeef elementor-widget__width-initial elementor-widget elementor-widget-heading\" data-id=\"2f0eeef\" data-element_type=\"widget\" data-widget_type=\"heading.default\">\n\t\t\t\t\t<h2 class=\"elementor-heading-title elementor-size-default\"> for en personlig time-out<\/h2>\t\t\t\t<\/div>\n\t\t\t\t<\/div>\n\t\t\t\t\t<\/div>\n\t\t\t\t<\/div>\n\t\t\t\t<\/div>\n\t\t<div class=\"elementor-element elementor-element-1d381a6 e-con-full elementor-hidden-desktop elementor-hidden-tablet elementor-hidden-mobile e-flex e-con e-parent\" data-id=\"1d381a6\" data-element_type=\"container\" data-settings=\"{&quot;background_background&quot;:&quot;classic&quot;}\">\n\t\t\t\t<div class=\"elementor-element elementor-element-94760da elementor-widget elementor-widget-text-editor\" data-id=\"94760da\" data-element_type=\"widget\" data-widget_type=\"text-editor.default\">\n\t\t\t\t\t\t\t\t\t<p style=\"text-align: center;\"><span style=\"color: #d0b275;\">Andreas Pohl tilbyder de rette omgivelser til n\u00e6sten ethvert behov p\u00e5 NORDPOHL. <br \/>Som v\u00e6rt, skipper og ledsager vil han give dig en varm velkomst!<\/span><\/p>\t\t\t\t\t\t\t\t<\/div>\n\t\t\t\t<div class=\"elementor-element elementor-element-e5013db elementor-widget elementor-widget-text-editor\" data-id=\"e5013db\" data-element_type=\"widget\" data-widget_type=\"text-editor.default\">\n\t\t\t\t\t\t\t\t\t<p><span style=\"color: #d0b275;\">Valget er dit:<\/span><\/p>\t\t\t\t\t\t\t\t<\/div>\n\t\t\t\t<\/div>\n\t\t<div class=\"elementor-element elementor-element-b91efd0 e-con-full elementor-hidden-desktop elementor-hidden-tablet elementor-hidden-mobile e-flex e-con e-parent\" data-id=\"b91efd0\" data-element_type=\"container\">\n\t\t\t\t<div class=\"elementor-element elementor-element-8a7c17c elementor-widget elementor-widget-ucaddon_content_box_background_switcher\" data-id=\"8a7c17c\" data-element_type=\"widget\" data-widget_type=\"ucaddon_content_box_background_switcher.default\">\n\t\t\t\t<div class=\"elementor-widget-container\">\n\t\t\t\t\t\n<!-- start Background Switcher -->\n<style>\/* widget: Background Switcher *\/\n\n#uc_content_box_background_switcher_elementor_8a7c17c *{\n\t-webkit-box-sizing: border-box;\n\t-moz-box-sizing: border-box;\n\tbox-sizing: border-box;\n}\n\n#uc_content_box_background_switcher_elementor_8a7c17c .ue-item-overlay{\n  position:absolute;\n  top:0;\n  left:0;\n  right:0;\n  bottom:0;\n  transition:0.3s;\n}\n\n#uc_content_box_background_switcher_elementor_8a7c17c .uc_hover_switcher_row{\n\tposition: relative;\n\twidth: 100%;\n\toverflow: hidden;\n\tdisplay: flex;\n    background: #000000;\n    direction:ltr;\n}\n\n#uc_content_box_background_switcher_elementor_8a7c17c .uc_hover_switcher_col{\n\tposition: relative;\n\tz-index: 2;    \n      \n          border-right-color:rgba(255, 255, 255, 0.4);\n      border-right-width:1px;\n      border-right-style:solid;\n        \t\n    flex:1;\n    overflow: hidden;\n}\n\n#uc_content_box_background_switcher_elementor_8a7c17c .uc_hover_switcher_content{\n\tdisplay: flex;\n\theight: 100%;\n\tflex-direction: column;\n\tjustify-content: flex-end;\n\tcolor: #fff;\n    text-align:left;\n    position:relative;\n}\n\n#uc_content_box_background_switcher_elementor_8a7c17c .uc_hover_switcher_title{\n\ttransition: 300ms;\n}\n\n.uc_hover_switcher_title{\n  font-size: 21px;\n}\n\n#uc_content_box_background_switcher_elementor_8a7c17c .uc_hover_switcher_link{\n\toverflow: hidden;\n\ttransform-origin: bottom;\n\ttransition: 300ms;\n    max-height: 0px;  \n}\n\n#uc_content_box_background_switcher_elementor_8a7c17c .uc_hover_switcher_col.uc_hover .uc_hover_switcher_link{\n    max-height: 500px;\n\toverflow: visible;\n    transition: 300ms;\n}\n\n#uc_content_box_background_switcher_elementor_8a7c17c[data-remoteid] .uc_hover_switcher_col.uc_hover .uc_hover_switcher_link,\n#uc_content_box_background_switcher_elementor_8a7c17c[data-sync] .uc_hover_switcher_col.uc_hover .uc_hover_switcher_link{\n \tmax-height: 500px;\n\toverflow: visible;\n}\n\n#uc_content_box_background_switcher_elementor_8a7c17c .uc_button{\t\n\tdisplay: inline-block;\n\ttext-decoration: none;\n    text-align:center;\n}\n\n#uc_content_box_background_switcher_elementor_8a7c17c .uc_background_img img {\n    width: 100% !important;\n    height: 100% !important;\n    object-fit: cover;\n}\n\n#uc_content_box_background_switcher_elementor_8a7c17c .uc_hover_switcher_overlay{\t\n\tposition: absolute;\n\ttop: 0;\n\tleft: 0;\n\theight: 100%;\n\twidth: 100%;\n\tz-index: 0;\n\toverflow: hidden;\n}\n\n#uc_content_box_background_switcher_elementor_8a7c17c .uc_hover_switcher_overlay{\n\tz-index: 1;\n}\n\n#uc_content_box_background_switcher_elementor_8a7c17c .uc_background_img{\n\tposition: absolute;  \n\ttop: 0;\n          left: 0;\n        \t\t\n\theight: 100%;\n\twidth: 100%;\n\tz-index: 0;\n\toverflow: hidden;\n\tvisibility: hidden;\n\topacity: 0;\n}\n\n#uc_content_box_background_switcher_elementor_8a7c17c .uc_hover_switcher_col + .uc_background_img{\n\ttransition-duration: 300ms;\n}\n\n#uc_content_box_background_switcher_elementor_8a7c17c .uc_hover_switcher_col.uc_hover + .uc_background_img{\n\ttransition-duration: 300ms;\n\topacity: 1;\n\tmargin: 0;\n\tvisibility: visible;\n\ttransform: scale(1.05);\n}\n\n#uc_content_box_background_switcher_elementor_8a7c17c .uc_hover_switcher_col:last-of-type{  \n        border-right: 0px;\n    \n  \t\n}\n\n@media screen and (max-width: 768px) {  \n  #uc_content_box_background_switcher_elementor_8a7c17c .uc_hover_switcher_row{\n\tdisplay: flex;\n  }\n}\n\n\n  @media screen and (max-width: 768px) {  \n      #uc_content_box_background_switcher_elementor_8a7c17c.uc_list_image_background_hover_switcher .uc_hover_switcher_col{      \n          flex:1 0 250px\n      }\n\n      #uc_content_box_background_switcher_elementor_8a7c17c.uc_list_image_background_hover_switcher .uc_hover_switcher_row{ \n        overflow-x: auto;\n      }\t\n\n      #uc_content_box_background_switcher_elementor_8a7c17c.uc_list_image_background_hover_switcher .uc_hover_switcher_col + .uc_background_img {\n                  width: calc(250px * 3) !important;\n              }  \n  }\n\n\n@media screen and (max-width: 767px) {\n  \n  \n}\n#uc_content_box_background_switcher_elementor_8a7c17c_item1{\n  object-position:center top;\n}\n\n\n@media screen and (max-width: 767px) {\n  }\n#uc_content_box_background_switcher_elementor_8a7c17c_item2{\n  object-position:center top;\n}\n\n\n@media screen and (max-width: 767px) {\n  }\n#uc_content_box_background_switcher_elementor_8a7c17c_item3{\n  object-position:center top;\n}\n\n\n@media screen and (max-width: 767px) {\n  }\n\n\n<\/style>\n\n<div class=\"uc_list_image_background_hover_switcher\" id=\"uc_content_box_background_switcher_elementor_8a7c17c\"   data-first-selected=\"true\">\n\t<div class=\"uc_hover_switcher_row uc-items-wrapper\">\n\t\t<div class=\"uc_hover_switcher_col uc_hover_switcher_col-1\" id=\"uc_content_box_background_switcher_elementor_8a7c17c_item1\">\n  <div class=\"ue-item-overlay\"><\/div>\n  <div class=\"uc_hover_switcher_content\">\n                      <div class=\"uc_hover_switcher_title title_space\">Sejl og bus<\/div>\n              <div class=\"uc_hover_switcher_link\">\n      <div class=\"uc_hover_switcher_desc\">Andreas Pohl tilbyder systemisk business coaching (SHB) efter princippet om den professionelle p\u00e5 3 niveauer - som coach, konsulent og tr\u00e6ner - udelukkende om bord p\u00e5 den oceang\u00e5ende sejlb\u00e5d NORDPOHL.<\/div>            \t<a class=\"uc_button uc_more_btn\" href=\"https:\/\/www.nordpohl.me\/da\/sejl-og-bus\/\" >\n                    \tMere information\n                \t<\/a>\n          <\/div>\n  <\/div>\n<\/div>\n\n<figure class=\"uc_background_img\">\n  <div class=\"uc_hover_switcher_overlay\"><\/div>\n  <img decoding=\"async\" src=\"https:\/\/www.nordpohl.me\/wp-content\/uploads\/2023\/11\/fotogalerie_nordpohl_0000s_0007_IMG_4251.jpg\" alt=\"fotogalerie_nordpohl_0000s_0007_IMG_4251\" id=\"uc_content_box_background_switcher_elementor_8a7c17c_item1\">\n<\/figure>\n<div class=\"uc_hover_switcher_col uc_hover_switcher_col-2\" id=\"uc_content_box_background_switcher_elementor_8a7c17c_item2\">\n  <div class=\"ue-item-overlay\"><\/div>\n  <div class=\"uc_hover_switcher_content\">\n                      <div class=\"uc_hover_switcher_title title_space\">Sejl og arbejd<\/div>\n              <div class=\"uc_hover_switcher_link\">\n      <div class=\"uc_hover_switcher_desc\">Dette tilbud om et flydende hjemmekontor kombinerer sp\u00e6ndingen ved at sejle med muligheden for at arbejde hvor som helst. Du kan udf\u00f8re dine professionelle opgaver om bord og samtidig opleve, hvordan det er at tr\u00e6ffe beslutninger under p\u00e5virkning af elementerne. <\/div>            \t<a class=\"uc_button uc_more_btn\" href=\"https:\/\/www.nordpohl.me\/da\/sejle-og-arbejde\/\" >\n                    \tMere information\n                \t<\/a>\n          <\/div>\n  <\/div>\n<\/div>\n\n<figure class=\"uc_background_img\">\n  <div class=\"uc_hover_switcher_overlay\"><\/div>\n  <img decoding=\"async\" src=\"https:\/\/www.nordpohl.me\/wp-content\/uploads\/2025\/05\/sail_work.jpg\" alt=\"sejl_arbejde\" id=\"uc_content_box_background_switcher_elementor_8a7c17c_item2\">\n<\/figure>\n<div class=\"uc_hover_switcher_col uc_hover_switcher_col-3\" id=\"uc_content_box_background_switcher_elementor_8a7c17c_item3\">\n  <div class=\"ue-item-overlay\"><\/div>\n  <div class=\"uc_hover_switcher_content\">\n                      <div class=\"uc_hover_switcher_title title_space\">Sejl og slap af<\/div>\n              <div class=\"uc_hover_switcher_link\">\n      <div class=\"uc_hover_switcher_desc\">I harmoni med vind og b\u00f8lger, langt v\u00e6k fra hverdagen p\u00e5 land, byder livet om bord p\u00e5 NORDPOHL ikke kun p\u00e5 en vid udsigt, men ogs\u00e5 p\u00e5 frihed til at t\u00e6nke og f\u00f8le. Intet hamsterhjul, men ren frihed under sejl.<\/div>            \t<a class=\"uc_button uc_more_btn\" href=\"https:\/\/www.nordpohl.me\/da\/sejl-og-slap-af\/\" >\n                    \tMere information\n                \t<\/a>\n          <\/div>\n  <\/div>\n<\/div>\n\n<figure class=\"uc_background_img\">\n  <div class=\"uc_hover_switcher_overlay\"><\/div>\n  <img decoding=\"async\" src=\"https:\/\/www.nordpohl.me\/wp-content\/uploads\/2025\/04\/stimmungsbild_segelboot_in_bucht_vor_anker.webp\" alt=\"mood_image_sailboat_in_bay_in_front_of_anchor\" id=\"uc_content_box_background_switcher_elementor_8a7c17c_item3\">\n<\/figure>\n\n\t<\/div>\n\t<div class=\"uc_hover_remote_container uc-items-wrapper2\">\n  \t\t<div class=\"uc_hover_remote_item\">\n  <div class=\"uc_hover_remote_segment\"><\/div>\n<\/div>\n<div class=\"uc_hover_remote_item\">\n  <div class=\"uc_hover_remote_segment\"><\/div>\n<\/div>\n<div class=\"uc_hover_remote_item\">\n  <div class=\"uc_hover_remote_segment\"><\/div>\n<\/div>\n\n  \t<\/div>\n<\/div>\n<!-- end Background Switcher -->\t\t\t\t<\/div>\n\t\t\t\t<\/div>\n\t\t\t\t<\/div>\n\t\t\t\t<\/div>","protected":false},"excerpt":{"rendered":"<p>Ob als besonderer ort zur weiterentwicklung zum Arbeiten oder zur pers\u00f6nlichen Auszeit Andreas Pohl bietet auf der NORDPOHL f\u00fcr fast jedes Bed\u00fcrfnis den richtigen Rahmen. Als Gastgeber, Skipper und Begleiter hei\u00dft er dich herzlich willkommen! Du hast die Wahl: Sail &#038; Coach Andreas Pohl bietet systemisches Business Coaching (SHB) nach dem Prinzip des 3-Ebenen-Profis \u2013 [&hellip;]<\/p>","protected":false},"author":3,"featured_media":987911,"parent":0,"menu_order":0,"comment_status":"closed","ping_status":"closed","template":"","meta":{"footnotes":""},"class_list":["post-989593","page","type-page","status-publish","has-post-thumbnail","hentry"],"_links":{"self":[{"href":"https:\/\/www.nordpohl.me\/da\/wp-json\/wp\/v2\/pages\/989593","targetHints":{"allow":["GET"]}}],"collection":[{"href":"https:\/\/www.nordpohl.me\/da\/wp-json\/wp\/v2\/pages"}],"about":[{"href":"https:\/\/www.nordpohl.me\/da\/wp-json\/wp\/v2\/types\/page"}],"author":[{"embeddable":true,"href":"https:\/\/www.nordpohl.me\/da\/wp-json\/wp\/v2\/users\/3"}],"replies":[{"embeddable":true,"href":"https:\/\/www.nordpohl.me\/da\/wp-json\/wp\/v2\/comments?post=989593"}],"version-history":[{"count":62,"href":"https:\/\/www.nordpohl.me\/da\/wp-json\/wp\/v2\/pages\/989593\/revisions"}],"predecessor-version":[{"id":990071,"href":"https:\/\/www.nordpohl.me\/da\/wp-json\/wp\/v2\/pages\/989593\/revisions\/990071"}],"wp:featuredmedia":[{"embeddable":true,"href":"https:\/\/www.nordpohl.me\/da\/wp-json\/wp\/v2\/media\/987911"}],"wp:attachment":[{"href":"https:\/\/www.nordpohl.me\/da\/wp-json\/wp\/v2\/media?parent=989593"}],"curies":[{"name":"wp","href":"https:\/\/api.w.org\/{rel}","templated":true}]}}