{"id":989429,"date":"2025-04-23T15:31:52","date_gmt":"2025-04-23T13:31:52","guid":{"rendered":"https:\/\/7us.de\/?page_id=989429"},"modified":"2025-05-23T20:04:49","modified_gmt":"2025-05-23T18:04:49","slug":"ueber-mich","status":"publish","type":"page","link":"https:\/\/www.nordpohl.me\/de_de\/ueber-mich\/","title":{"rendered":"\u00dcber mich"},"content":{"rendered":"\t\t<div data-elementor-type=\"wp-page\" data-elementor-id=\"989429\" class=\"elementor elementor-989429\" data-elementor-post-type=\"page\">\n\t\t\t\t<div class=\"elementor-element elementor-element-4970bd5 e-flex e-con-boxed e-con e-parent\" data-id=\"4970bd5\" data-element_type=\"container\" data-settings=\"{&quot;background_background&quot;:&quot;classic&quot;}\">\n\t\t\t\t\t<div class=\"e-con-inner\">\n\t\t\t\t\t<\/div>\n\t\t\t\t<\/div>\n\t\t<div class=\"elementor-element elementor-element-52f6543 e-flex e-con-boxed e-con e-child\" data-id=\"52f6543\" data-element_type=\"container\" data-settings=\"{&quot;background_background&quot;:&quot;classic&quot;}\">\n\t\t\t\t\t<div class=\"e-con-inner\">\n\t\t<div class=\"elementor-element elementor-element-7395337 e-con-full e-flex e-con e-child\" data-id=\"7395337\" data-element_type=\"container\">\n\t\t\t\t<div class=\"elementor-element elementor-element-a72f2f0 elementor-widget elementor-widget-spacer\" data-id=\"a72f2f0\" data-element_type=\"widget\" data-widget_type=\"spacer.default\">\n\t\t\t\t\t\t\t<div class=\"elementor-spacer\">\n\t\t\t<div class=\"elementor-spacer-inner\"><\/div>\n\t\t<\/div>\n\t\t\t\t\t\t<\/div>\n\t\t\t\t<div class=\"elementor-element elementor-element-d466689 elementor-widget__width-initial elementor-widget elementor-widget-heading\" data-id=\"d466689\" data-element_type=\"widget\" data-widget_type=\"heading.default\">\n\t\t\t\t\t<h2 class=\"elementor-heading-title elementor-size-default\">\u00dcber mich<\/h2>\t\t\t\t<\/div>\n\t\t\t\t<div class=\"elementor-element elementor-element-9680098 elementor-widget elementor-widget-spacer\" data-id=\"9680098\" data-element_type=\"widget\" data-widget_type=\"spacer.default\">\n\t\t\t\t\t\t\t<div class=\"elementor-spacer\">\n\t\t\t<div class=\"elementor-spacer-inner\"><\/div>\n\t\t<\/div>\n\t\t\t\t\t\t<\/div>\n\t\t\t\t<\/div>\n\t\t\t\t\t<\/div>\n\t\t\t\t<\/div>\n\t\t<div class=\"elementor-element elementor-element-51118e1f e-flex e-con-boxed e-con e-parent\" data-id=\"51118e1f\" data-element_type=\"container\" data-settings=\"{&quot;background_background&quot;:&quot;classic&quot;}\">\n\t\t\t\t\t<div class=\"e-con-inner\">\n\t\t<div class=\"elementor-element elementor-element-387e5a84 e-con-full e-flex e-con e-child\" data-id=\"387e5a84\" data-element_type=\"container\">\n\t\t\t\t<div class=\"elementor-element elementor-element-343ad1 elementor-widget elementor-widget-text-editor\" data-id=\"343ad1\" data-element_type=\"widget\" data-widget_type=\"text-editor.default\">\n\t\t\t\t\t\t\t\t\t<p><strong>Als F\u00fchrungskraft<\/strong> habe ich mehr als 30 Jahre lang erfolgreich Projekte und Aufgaben im In- und Ausland verantwortet. Wandlung geh\u00f6rte stets dazu: Umstrukturierungen und Ver\u00e4nderungsprozesse, neue Gesch\u00e4ftsmodelle und erforderliche Transformationsprozesse.<\/p>\t\t\t\t\t\t\t\t<\/div>\n\t\t\t\t<div class=\"elementor-element elementor-element-b6240cb elementor-widget elementor-widget-text-editor\" data-id=\"b6240cb\" data-element_type=\"widget\" data-widget_type=\"text-editor.default\">\n\t\t\t\t\t\t\t\t\t<p><strong>Im Ehrenamt<\/strong> engagierte ich mich \u00fcber viele Jahre hinweg als Vorstandsvorsitzender in mehreren sozialen Non-Profit-Organisationen und in \u00f6ffentlichen Funktionen, war zudem als Sch\u00f6ffe im Strafrecht t\u00e4tig \u2013 und lernte bei diesen T\u00e4tigkeiten viel \u00fcber das Miteinander.<\/p>\t\t\t\t\t\t\t\t<\/div>\n\t\t\t\t<div class=\"elementor-element elementor-element-e453dd4 elementor-widget elementor-widget-text-editor\" data-id=\"e453dd4\" data-element_type=\"widget\" data-widget_type=\"text-editor.default\">\n\t\t\t\t\t\t\t\t\t<p><strong>Das Segeln<\/strong> habe ich als Kind in Hamburg auf der Elbe und sp\u00e4ter auf der Ostsee gelernt. Sie z\u00e4hlen heute noch zu meinen Lieblingsrevieren. Da ich an verschiedenen Orten in der Welt gelebt und gearbeitet habe, konnte ich zudem Segelreviere in der Biskaya, dem Mittelmeer, dem Golf von Mexiko, vor der Ostk\u00fcste Amerikas und Kanadas auf unterschiedlichen Bootstypen kennenlernen. Mittlerweile habe ich beim Segeln mehr als 65.000 Seemeilen Erfahrung.<\/p>\t\t\t\t\t\t\t\t<\/div>\n\t\t\t\t<div class=\"elementor-element elementor-element-37861c6f elementor-widget elementor-widget-text-editor\" data-id=\"37861c6f\" data-element_type=\"widget\" data-widget_type=\"text-editor.default\">\n\t\t\t\t\t\t\t\t\t<p><strong>Meine Erkenntnisse und Erfahrungen<\/strong>, vor allem beim Umgang mit Widerstand, Zielverfehlungen oder ver\u00e4nderten Rahmenbedingungen, flie\u00dfen in meine heutige Arbeit als Business- und Pers\u00f6nlichkeitscoach ein. Ihr kommt auch meine zweij\u00e4hrige Ausbildung zum Systemischen Business Coach, Berater und Trainer zugute. Als Coach wende ich nur Methoden an, die nach DVNLP, DVCT und ECA zertifiziert und von mir praxiserprobt sind.<\/p>\t\t\t\t\t\t\t\t<\/div>\n\t\t\t\t<div class=\"elementor-element elementor-element-45d57557 elementor-widget elementor-widget-text-editor\" data-id=\"45d57557\" data-element_type=\"widget\" data-widget_type=\"text-editor.default\">\n\t\t\t\t\t\t\t\t\t<p><strong>Mein Weg mit Post-Covid und Fatigue<\/strong> hat mich die nachhaltigste Kurs\u00e4nderung gelehrt. Nachdem ich Ende 2021 meinem Leben als Manager den R\u00fccken kehrte, um mich neben meinen zahlreichen Ehren\u00e4mtern als Coach, Trainer und Berater weiterzubilden, durchkreuzte 2022 das Covid-19-Virus meine Zukunftspl\u00e4ne. Im Dezember 2022 erhielt ich die Diagnose Long-Covid mit ME\/CFS. Erhebliche neurologische Einschr\u00e4nkungen waren die Folge. Eine medizinische Rehabilitation im Januar 2024 machte mir klar: Du musst dich deinen M\u00f6glichkeiten anpassen, d. h. die ver\u00e4nderte k\u00f6rperliche Belastungsgrenze akzeptieren und respektieren. Meine arbeitsintensiven Ehren\u00e4mter, in die ich 50 bis 70 Stunden pro Woche investierte, musste ich deshalb niederlegen. Meine Beeintr\u00e4chtigungen werden bleiben, wahrscheinlich auch der Grad der 50-prozentigen Behinderung. Aber ich schaue zuversichtlich nach vorn: Osteopathische Ma\u00dfnahmen, Yoga und Pacing bringen Linderung, meine Segelyacht ist mit Hilfseinrichtungen f\u00fcr autonomes und kraftfreieres Segeln aus- und aufger\u00fcstet. Und eines hat das Virus nicht geschafft: mich daran zu hindern, in der zweiten Lebensh\u00e4lfte als Business- und Pers\u00f6nlichkeitscoach Menschen auf ihrem Weg zu sich selbst zu begleiten. Aus vollem Herzen und mit ganzer Kraft.<\/p>\t\t\t\t\t\t\t\t<\/div>\n\t\t\t\t<\/div>\n\t\t<div class=\"elementor-element elementor-element-54856d15 e-con-full e-flex e-con e-child\" data-id=\"54856d15\" data-element_type=\"container\">\n\t\t\t\t<div class=\"elementor-element elementor-element-7cd2b0f6 elementor-widget elementor-widget-image\" data-id=\"7cd2b0f6\" data-element_type=\"widget\" data-widget_type=\"image.default\">\n\t\t\t\t\t\t\t\t\t\t\t\t\t\t\t<img fetchpriority=\"high\" decoding=\"async\" width=\"800\" height=\"800\" src=\"https:\/\/www.nordpohl.me\/wp-content\/uploads\/2023\/11\/fda2958b-513d-4e35-b2ab-d850d2a34a26-1.jpg\" class=\"attachment-full size-full wp-image-988090\" alt=\"\" srcset=\"https:\/\/www.nordpohl.me\/wp-content\/uploads\/2023\/11\/fda2958b-513d-4e35-b2ab-d850d2a34a26-1.jpg 800w, https:\/\/www.nordpohl.me\/wp-content\/uploads\/2023\/11\/fda2958b-513d-4e35-b2ab-d850d2a34a26-1-300x300.jpg 300w, https:\/\/www.nordpohl.me\/wp-content\/uploads\/2023\/11\/fda2958b-513d-4e35-b2ab-d850d2a34a26-1-150x150.jpg 150w, https:\/\/www.nordpohl.me\/wp-content\/uploads\/2023\/11\/fda2958b-513d-4e35-b2ab-d850d2a34a26-1-768x768.jpg 768w\" sizes=\"(max-width: 800px) 100vw, 800px\" \/>\t\t\t\t\t\t\t\t\t\t\t\t\t\t\t<\/div>\n\t\t\t\t<\/div>\n\t\t\t\t\t<\/div>\n\t\t\t\t<\/div>\n\t\t\t\t<\/div>\n\t\t","protected":false},"excerpt":{"rendered":"<p>\u00dcber mich Als F\u00fchrungskraft habe ich mehr als 30 Jahre lang erfolgreich Projekte und Aufgaben im In- und Ausland verantwortet. Wandlung geh\u00f6rte stets dazu: Umstrukturierungen und Ver\u00e4nderungsprozesse, neue Gesch\u00e4ftsmodelle und erforderliche Transformationsprozesse. Im Ehrenamt engagierte ich mich \u00fcber viele Jahre hinweg als Vorstandsvorsitzender in mehreren sozialen Non-Profit-Organisationen und in \u00f6ffentlichen Funktionen, war zudem als Sch\u00f6ffe [&hellip;]<\/p>\n","protected":false},"author":3,"featured_media":0,"parent":0,"menu_order":0,"comment_status":"closed","ping_status":"closed","template":"","meta":{"footnotes":""},"class_list":["post-989429","page","type-page","status-publish","hentry"],"_links":{"self":[{"href":"https:\/\/www.nordpohl.me\/de_de\/wp-json\/wp\/v2\/pages\/989429","targetHints":{"allow":["GET"]}}],"collection":[{"href":"https:\/\/www.nordpohl.me\/de_de\/wp-json\/wp\/v2\/pages"}],"about":[{"href":"https:\/\/www.nordpohl.me\/de_de\/wp-json\/wp\/v2\/types\/page"}],"author":[{"embeddable":true,"href":"https:\/\/www.nordpohl.me\/de_de\/wp-json\/wp\/v2\/users\/3"}],"replies":[{"embeddable":true,"href":"https:\/\/www.nordpohl.me\/de_de\/wp-json\/wp\/v2\/comments?post=989429"}],"version-history":[{"count":38,"href":"https:\/\/www.nordpohl.me\/de_de\/wp-json\/wp\/v2\/pages\/989429\/revisions"}],"predecessor-version":[{"id":990042,"href":"https:\/\/www.nordpohl.me\/de_de\/wp-json\/wp\/v2\/pages\/989429\/revisions\/990042"}],"wp:attachment":[{"href":"https:\/\/www.nordpohl.me\/de_de\/wp-json\/wp\/v2\/media?parent=989429"}],"curies":[{"name":"wp","href":"https:\/\/api.w.org\/{rel}","templated":true}]}}