{"id":989439,"date":"2025-04-23T15:49:09","date_gmt":"2025-04-23T13:49:09","guid":{"rendered":"https:\/\/7us.de\/?page_id=989439"},"modified":"2025-05-23T20:26:30","modified_gmt":"2025-05-23T18:26:30","slug":"ueber-die-sy-nordpohl","status":"publish","type":"page","link":"https:\/\/www.nordpohl.me\/de_de\/ueber-die-sy-nordpohl\/","title":{"rendered":"\u00dcber die SY NORDPOHL"},"content":{"rendered":"\t\t<div data-elementor-type=\"wp-page\" data-elementor-id=\"989439\" class=\"elementor elementor-989439\" data-elementor-post-type=\"page\">\n\t\t\t\t<div class=\"elementor-element elementor-element-4970bd5 e-flex e-con-boxed e-con e-parent\" data-id=\"4970bd5\" data-element_type=\"container\" data-settings=\"{&quot;background_background&quot;:&quot;classic&quot;}\">\n\t\t\t\t\t<div class=\"e-con-inner\">\n\t\t\t\t\t<\/div>\n\t\t\t\t<\/div>\n\t\t<div class=\"elementor-element elementor-element-4c17a80f e-flex e-con-boxed e-con e-child\" data-id=\"4c17a80f\" data-element_type=\"container\" data-settings=\"{&quot;background_background&quot;:&quot;classic&quot;}\">\n\t\t\t\t\t<div class=\"e-con-inner\">\n\t\t<div class=\"elementor-element elementor-element-fe879e0 e-con-full e-flex e-con e-child\" data-id=\"fe879e0\" data-element_type=\"container\">\n\t\t\t\t<div class=\"elementor-element elementor-element-2dc6133e elementor-widget elementor-widget-spacer\" data-id=\"2dc6133e\" data-element_type=\"widget\" data-widget_type=\"spacer.default\">\n\t\t\t\t\t\t\t<div class=\"elementor-spacer\">\n\t\t\t<div class=\"elementor-spacer-inner\"><\/div>\n\t\t<\/div>\n\t\t\t\t\t\t<\/div>\n\t\t\t\t<div class=\"elementor-element elementor-element-aa00dd0 elementor-widget__width-initial elementor-widget elementor-widget-heading\" data-id=\"aa00dd0\" data-element_type=\"widget\" data-widget_type=\"heading.default\">\n\t\t\t\t\t<h2 class=\"elementor-heading-title elementor-size-default\">SY Nordpohl<\/h2>\t\t\t\t<\/div>\n\t\t\t\t<div class=\"elementor-element elementor-element-a7c0e7b elementor-widget elementor-widget-spacer\" data-id=\"a7c0e7b\" data-element_type=\"widget\" data-widget_type=\"spacer.default\">\n\t\t\t\t\t\t\t<div class=\"elementor-spacer\">\n\t\t\t<div class=\"elementor-spacer-inner\"><\/div>\n\t\t<\/div>\n\t\t\t\t\t\t<\/div>\n\t\t\t\t<div class=\"elementor-element elementor-element-762b1dbd elementor-widget__width-initial elementor-widget elementor-widget-heading\" data-id=\"762b1dbd\" data-element_type=\"widget\" data-widget_type=\"heading.default\">\n\t\t\t\t\t<h2 class=\"elementor-heading-title elementor-size-default\">Hochseelegende mit<\/h2>\t\t\t\t<\/div>\n\t\t\t\t<div class=\"elementor-element elementor-element-30af2015 elementor-widget__width-initial elementor-widget elementor-widget-heading\" data-id=\"30af2015\" data-element_type=\"widget\" data-widget_type=\"heading.default\">\n\t\t\t\t\t<h2 class=\"elementor-heading-title elementor-size-default\">modernster ausstattung<\/h2>\t\t\t\t<\/div>\n\t\t\t\t<\/div>\n\t\t\t\t\t<\/div>\n\t\t\t\t<\/div>\n\t\t<div class=\"elementor-element elementor-element-67f0bf8 e-flex e-con-boxed e-con e-parent\" data-id=\"67f0bf8\" data-element_type=\"container\">\n\t\t\t\t\t<div class=\"e-con-inner\">\n\t\t\t\t<div class=\"elementor-element elementor-element-6aaab78 elementor-widget elementor-widget-spacer\" data-id=\"6aaab78\" data-element_type=\"widget\" data-widget_type=\"spacer.default\">\n\t\t\t\t\t\t\t<div class=\"elementor-spacer\">\n\t\t\t<div class=\"elementor-spacer-inner\"><\/div>\n\t\t<\/div>\n\t\t\t\t\t\t<\/div>\n\t\t\t\t\t<\/div>\n\t\t\t\t<\/div>\n\t\t<div class=\"elementor-element elementor-element-767c337 e-flex e-con-boxed e-con e-parent\" data-id=\"767c337\" data-element_type=\"container\">\n\t\t\t\t\t<div class=\"e-con-inner\">\n\t\t\t\t<div class=\"elementor-element elementor-element-7cbfa8b elementor-widget elementor-widget-text-editor\" data-id=\"7cbfa8b\" data-element_type=\"widget\" data-widget_type=\"text-editor.default\">\n\t\t\t\t\t\t\t\t\t<p>Als elegante und leistungsstarke Segelyacht geh\u00f6rt die NORDPOHL zu weltweit 62 als Slop gebauten Hochsee-Fahrtenyachten, 1988 von der renommierten Werft Conyplex, heute Contest in Medemblik, Niederlande, gebaut und vollst\u00e4ndig von Lloyds zertifiziert. Von Dick Zaal mit komfortablen Einrichtungen entworfen, bietet die Contest 38 S hohe Effizienz auf See und Komfort im Hafen. Die liebevoll restaurierte NORDPOHL bietet eine luxuri\u00f6se Atmosph\u00e4re, ausreichend Stauraum und Kopffreiheit sowie ein intelligentes und effektives Layout, was sie ideal f\u00fcr lange Reisen macht. Das 38-Fu\u00df-Schiff verf\u00fcgt \u00fcber ein ger\u00e4umiges Mittelcockpit, eine praktische Aufteilung und hervorragende Segeleigenschaften.<\/p><p>Von 2021 bis 2024 wurde die SY Nordpohl umfassend restauriert. Die Yacht wurde auf den neuesten technischen Sicherheitsstand gebracht, mit 5-G-Netz und zahlreichen Komforterg\u00e4nzungen ausger\u00fcstet. Der Erhalt der hochwertigen Grundsubstanz, einschlie\u00dflich des Teakdecks und der Teakeinbauten, bestimmte die gesamte Restaurierung. Zum Refit z\u00e4hlte auch ein Austausch der Segel sowie aller laufenden und stehenden Materialien. Im Vergleich zu einer neuen Serienyacht aus Massenfertigung besitzt die SY Nordpohl nun eine einzigartige Hochseetauglichkeit und hohe Wertbest\u00e4ndigkeit.<\/p><h4><span style=\"color: #d0b275;\"><strong>Ein nachhaltiges Reisegef\u00e4hrt mit minimalem \u00f6kologischen Fu\u00dfabdruck<\/strong><\/span><\/h4><p>Als unersch\u00f6pfliche und saubere Energiequelle treibt uns auf dem Wasser der Wind an. Damit reduzieren wir nicht nur den Kohlendioxidaussto\u00df, sondern mindern auch andere sch\u00e4dliche Emissionen wie Stickoxide und Schwefeldioxide, die zu Luftverschmutzung und Klimawandel beitragen. Wir verringern zudem weitere Formen der Umweltverschmutzung: Der Einsatz von Dieselmotoren in motorisierten Yachten kann n\u00e4mlich zu \u00d6lverschmutzungen im Wasser f\u00fchren, die das marine \u00d6kosystem stark belasten. Wir setzen unseren Turbo Diesel Motor nur ein, wenn es unvermeidbar ist \u2013 beim An- und Ablegen oder bei anhaltender Flaute.<\/p><p>Der Nachhaltigkeitsgedanke bestimmte auch den umfangreichen Refit: Die Aufarbeitung vorhandener Materialien sowie der Einsatz neuer kohlenstoffarmer Materialien unterstreichen die Umweltfreundlichkeit der SY NORDPOHL. Modular einsetzbare Solarzellen sorgen f\u00fcr Strom an Bord, ein Wasseraufbereitungssystem wird Meerwasser in Trinkwasser umwandeln.<\/p><p>Als Segler und Schiffseigner engagiere ich mich aktiv f\u00fcr den Schutz der Meere und beteilige mich an Initiativen zur Reinigung von Ozeanen und K\u00fcsten. Mit meiner Teilnahme an der MidsummerSail 2025 unterst\u00fctze ich den Fokus auf umweltfreundliche Technologien und Methoden beim Segeln, wie zum Beispiel der Verzicht auf Einwegplastik, die Nutzung biologisch abbaubarer Materialien und die F\u00f6rderung von Recyclingprogrammen.<\/p>\t\t\t\t\t\t\t\t<\/div>\n\t\t\t\t<div class=\"elementor-element elementor-element-a7e88eb elementor-widget elementor-widget-spacer\" data-id=\"a7e88eb\" data-element_type=\"widget\" data-widget_type=\"spacer.default\">\n\t\t\t\t\t\t\t<div class=\"elementor-spacer\">\n\t\t\t<div class=\"elementor-spacer-inner\"><\/div>\n\t\t<\/div>\n\t\t\t\t\t\t<\/div>\n\t\t\t\t\t<\/div>\n\t\t\t\t<\/div>\n\t\t\t\t<\/div>\n\t\t","protected":false},"excerpt":{"rendered":"<p>SY Nordpohl Hochseelegende mit modernster ausstattung Als elegante und leistungsstarke Segelyacht geh\u00f6rt die NORDPOHL zu weltweit 62 als Slop gebauten Hochsee-Fahrtenyachten, 1988 von der renommierten Werft Conyplex, heute Contest in Medemblik, Niederlande, gebaut und vollst\u00e4ndig von Lloyds zertifiziert. Von Dick Zaal mit komfortablen Einrichtungen entworfen, bietet die Contest 38 S hohe Effizienz auf See und [&hellip;]<\/p>\n","protected":false},"author":3,"featured_media":0,"parent":0,"menu_order":0,"comment_status":"closed","ping_status":"closed","template":"","meta":{"footnotes":""},"class_list":["post-989439","page","type-page","status-publish","hentry"],"_links":{"self":[{"href":"https:\/\/www.nordpohl.me\/de_de\/wp-json\/wp\/v2\/pages\/989439","targetHints":{"allow":["GET"]}}],"collection":[{"href":"https:\/\/www.nordpohl.me\/de_de\/wp-json\/wp\/v2\/pages"}],"about":[{"href":"https:\/\/www.nordpohl.me\/de_de\/wp-json\/wp\/v2\/types\/page"}],"author":[{"embeddable":true,"href":"https:\/\/www.nordpohl.me\/de_de\/wp-json\/wp\/v2\/users\/3"}],"replies":[{"embeddable":true,"href":"https:\/\/www.nordpohl.me\/de_de\/wp-json\/wp\/v2\/comments?post=989439"}],"version-history":[{"count":32,"href":"https:\/\/www.nordpohl.me\/de_de\/wp-json\/wp\/v2\/pages\/989439\/revisions"}],"predecessor-version":[{"id":990062,"href":"https:\/\/www.nordpohl.me\/de_de\/wp-json\/wp\/v2\/pages\/989439\/revisions\/990062"}],"wp:attachment":[{"href":"https:\/\/www.nordpohl.me\/de_de\/wp-json\/wp\/v2\/media?parent=989439"}],"curies":[{"name":"wp","href":"https:\/\/api.w.org\/{rel}","templated":true}]}}