{"id":988945,"date":"2023-11-16T21:07:45","date_gmt":"2023-11-16T20:07:45","guid":{"rendered":"https:\/\/extali.de\/?page_id=988945"},"modified":"2025-05-10T17:52:26","modified_gmt":"2025-05-10T15:52:26","slug":"imprint","status":"publish","type":"page","link":"https:\/\/www.nordpohl.me\/en\/imprint\/","title":{"rendered":"Imprint"},"content":{"rendered":"<div data-elementor-type=\"wp-page\" data-elementor-id=\"988945\" class=\"elementor elementor-988945\" data-elementor-post-type=\"page\">\n\t\t\t\t<div class=\"elementor-element elementor-element-4970bd5 e-flex e-con-boxed e-con e-parent\" data-id=\"4970bd5\" data-element_type=\"container\" data-settings=\"{&quot;background_background&quot;:&quot;classic&quot;}\">\n\t\t\t\t\t<div class=\"e-con-inner\">\n\t\t\t\t\t<\/div>\n\t\t\t\t<\/div>\n\t\t<div class=\"elementor-element elementor-element-67f0bf8 e-flex e-con-boxed e-con e-parent\" data-id=\"67f0bf8\" data-element_type=\"container\">\n\t\t\t\t\t<div class=\"e-con-inner\">\n\t\t\t\t<div class=\"elementor-element elementor-element-1f600b7 elementor-widget elementor-widget-heading\" data-id=\"1f600b7\" data-element_type=\"widget\" data-widget_type=\"heading.default\">\n\t\t\t\t\t<h2 class=\"elementor-heading-title elementor-size-default\">Imprint<\/h2>\t\t\t\t<\/div>\n\t\t\t\t\t<\/div>\n\t\t\t\t<\/div>\n\t\t<div class=\"elementor-element elementor-element-65e0221 e-flex e-con-boxed e-con e-parent\" data-id=\"65e0221\" data-element_type=\"container\">\n\t\t\t\t\t<div class=\"e-con-inner\">\n\t\t\t\t<div class=\"elementor-element elementor-element-1016f6d elementor-widget elementor-widget-text-editor\" data-id=\"1016f6d\" data-element_type=\"widget\" data-widget_type=\"text-editor.default\">\n\t\t\t\t\t\t\t\t\t<p>\u00a0<\/p><p><b>Andreas Pohl<\/b><\/p><p>On the dredging sand 14\u00a0<\/p><p>23570 L\u00fcbeck - Travem\u00fcnde<\/p><p>Internet: <a href=\"https:\/\/www.nordpohl.me\/en\" target=\"_blank\" rel=\"noopener\">nordpohl.me<\/a><\/p><p>E-Mail: <a href=\"mailto:ahoi@nordpohl.me\">ahoi@nordpohl.me<\/a><\/p><p><strong>Responsible for the content according to \u00a7 18 Abs. 2 MStV<\/strong><\/p><p>Andreas Pohl, address see above.<\/p><p><strong>Disclaimer<\/strong><br \/><strong>Liability for links:<\/strong><\/p><p>Our website contains links to external third-party websites over whose content we have no influence. Therefore, we cannot accept any liability for this third-party content. The respective provider or operator of the pages is always responsible for the content of the linked pages. The linked pages were checked for possible legal violations at the time of linking. Illegal content was not recognizable at the time of linking. However, permanent monitoring of the content of the linked pages is not reasonable without concrete evidence of an infringement. If we become aware of any legal infringements, we will remove such links immediately.<\/p><p><strong>Liability for the content:<\/strong><\/p><p>The contents of our pages have been created with the greatest care. However, we cannot assume any liability for the accuracy, completeness and topicality of the content. As a service provider, we are responsible for our own content on these pages in accordance with \u00a7 7 para.1 TMG (German Telemedia Act) and general laws. According to \u00a7 8 to 10 TMG, however, we as a service provider are not obliged to monitor transmitted or stored third-party information or to investigate circumstances that indicate illegal activity. Obligations to remove or block the use of information in accordance with general legislation remain unaffected by this. However, liability in this respect is only possible from the time of knowledge of a specific infringement. As soon as we become aware of such infringements, we will remove this content immediately.<\/p><p><strong>Copyright<\/strong><\/p><p>The content and works created by the site operators on these pages are subject to German copyright law. Duplication, processing, distribution and any form of commercialization of such material beyond the scope of the copyright law shall require the prior written consent of its respective author or creator. Downloads and copies of this site are only permitted for private, non-commercial use. Insofar as the content on this site was not created by the operator, the copyrights of third parties are respected. In particular, third-party content is identified as such. Should you nevertheless become aware of a copyright infringement, please inform us accordingly. If we become aware of any infringements, we will remove such content immediately.<\/p><p>Picture credits: Use of own pictures as well as from Depositphotos.com &amp; Shutterstock. Proof of license upon request.<\/p><p>Platform of the European Commission for online dispute resolution (OS) for consumers:\u00a0<a title=\"Platform of the European Commission for online dispute resolution (OS) for consumers\" href=\"https:\/\/ec.europa.eu\/consumers\/odr\/\" target=\"_blank\" rel=\"noopener noreferrer\"><strong>https:\/\/ec.europa.eu\/consumers\/odr\/<\/strong><\/a>. I am not willing and not obliged to participate in a dispute resolution procedure before a consumer arbitration board.<\/p>\t\t\t\t\t\t\t\t<\/div>\n\t\t\t\t\t<\/div>\n\t\t\t\t<\/div>\n\t\t\t\t<\/div>","protected":false},"excerpt":{"rendered":"<p>Impressum \u00a0 Andreas Pohl Auf dem Baggersand 14\u00a0 23570 L\u00fcbeck &#8211; Travem\u00fcnde Internet: nordpohl.me E-Mail: ahoi@nordpohl.me Verantwortlich f\u00fcr den Inhalt nach \u00a7 18 Abs. 2 MStV Andreas Pohl, Adresse siehe oben. HaftungsausschlussHaftung f\u00fcr Links: Unser Angebot enth\u00e4lt Links zu externen Webseiten Dritter, auf deren Inhalte wir keinen Einfluss haben. Deshalb k\u00f6nnen wir f\u00fcr diese fremden [&hellip;]<\/p>","protected":false},"author":1,"featured_media":0,"parent":0,"menu_order":0,"comment_status":"closed","ping_status":"closed","template":"","meta":{"footnotes":""},"class_list":["post-988945","page","type-page","status-publish","hentry"],"_links":{"self":[{"href":"https:\/\/www.nordpohl.me\/en\/wp-json\/wp\/v2\/pages\/988945","targetHints":{"allow":["GET"]}}],"collection":[{"href":"https:\/\/www.nordpohl.me\/en\/wp-json\/wp\/v2\/pages"}],"about":[{"href":"https:\/\/www.nordpohl.me\/en\/wp-json\/wp\/v2\/types\/page"}],"author":[{"embeddable":true,"href":"https:\/\/www.nordpohl.me\/en\/wp-json\/wp\/v2\/users\/1"}],"replies":[{"embeddable":true,"href":"https:\/\/www.nordpohl.me\/en\/wp-json\/wp\/v2\/comments?post=988945"}],"version-history":[{"count":19,"href":"https:\/\/www.nordpohl.me\/en\/wp-json\/wp\/v2\/pages\/988945\/revisions"}],"predecessor-version":[{"id":989933,"href":"https:\/\/www.nordpohl.me\/en\/wp-json\/wp\/v2\/pages\/988945\/revisions\/989933"}],"wp:attachment":[{"href":"https:\/\/www.nordpohl.me\/en\/wp-json\/wp\/v2\/media?parent=988945"}],"curies":[{"name":"wp","href":"https:\/\/api.w.org\/{rel}","templated":true}]}}