{"id":989429,"date":"2025-04-23T15:31:52","date_gmt":"2025-04-23T13:31:52","guid":{"rendered":"https:\/\/7us.de\/?page_id=989429"},"modified":"2025-05-23T20:04:49","modified_gmt":"2025-05-23T18:04:49","slug":"about-me","status":"publish","type":"page","link":"https:\/\/www.nordpohl.me\/en\/about-me\/","title":{"rendered":"About me"},"content":{"rendered":"<div data-elementor-type=\"wp-page\" data-elementor-id=\"989429\" class=\"elementor elementor-989429\" data-elementor-post-type=\"page\">\n\t\t\t\t<div class=\"elementor-element elementor-element-4970bd5 e-flex e-con-boxed e-con e-parent\" data-id=\"4970bd5\" data-element_type=\"container\" data-settings=\"{&quot;background_background&quot;:&quot;classic&quot;}\">\n\t\t\t\t\t<div class=\"e-con-inner\">\n\t\t\t\t\t<\/div>\n\t\t\t\t<\/div>\n\t\t<div class=\"elementor-element elementor-element-52f6543 e-flex e-con-boxed e-con e-child\" data-id=\"52f6543\" data-element_type=\"container\" data-settings=\"{&quot;background_background&quot;:&quot;classic&quot;}\">\n\t\t\t\t\t<div class=\"e-con-inner\">\n\t\t<div class=\"elementor-element elementor-element-7395337 e-con-full e-flex e-con e-child\" data-id=\"7395337\" data-element_type=\"container\">\n\t\t\t\t<div class=\"elementor-element elementor-element-a72f2f0 elementor-widget elementor-widget-spacer\" data-id=\"a72f2f0\" data-element_type=\"widget\" data-widget_type=\"spacer.default\">\n\t\t\t\t\t\t\t<div class=\"elementor-spacer\">\n\t\t\t<div class=\"elementor-spacer-inner\"><\/div>\n\t\t<\/div>\n\t\t\t\t\t\t<\/div>\n\t\t\t\t<div class=\"elementor-element elementor-element-d466689 elementor-widget__width-initial elementor-widget elementor-widget-heading\" data-id=\"d466689\" data-element_type=\"widget\" data-widget_type=\"heading.default\">\n\t\t\t\t\t<h2 class=\"elementor-heading-title elementor-size-default\">About me<\/h2>\t\t\t\t<\/div>\n\t\t\t\t<div class=\"elementor-element elementor-element-9680098 elementor-widget elementor-widget-spacer\" data-id=\"9680098\" data-element_type=\"widget\" data-widget_type=\"spacer.default\">\n\t\t\t\t\t\t\t<div class=\"elementor-spacer\">\n\t\t\t<div class=\"elementor-spacer-inner\"><\/div>\n\t\t<\/div>\n\t\t\t\t\t\t<\/div>\n\t\t\t\t<\/div>\n\t\t\t\t\t<\/div>\n\t\t\t\t<\/div>\n\t\t<div class=\"elementor-element elementor-element-51118e1f e-flex e-con-boxed e-con e-parent\" data-id=\"51118e1f\" data-element_type=\"container\" data-settings=\"{&quot;background_background&quot;:&quot;classic&quot;}\">\n\t\t\t\t\t<div class=\"e-con-inner\">\n\t\t<div class=\"elementor-element elementor-element-387e5a84 e-con-full e-flex e-con e-child\" data-id=\"387e5a84\" data-element_type=\"container\">\n\t\t\t\t<div class=\"elementor-element elementor-element-343ad1 elementor-widget elementor-widget-text-editor\" data-id=\"343ad1\" data-element_type=\"widget\" data-widget_type=\"text-editor.default\">\n\t\t\t\t\t\t\t\t\t<p><strong>As a manager<\/strong> I have been successfully responsible for projects and tasks at home and abroad for more than 30 years. Change has always been part of this: Restructuring and change processes, new business models and necessary transformation processes.<\/p>\t\t\t\t\t\t\t\t<\/div>\n\t\t\t\t<div class=\"elementor-element elementor-element-b6240cb elementor-widget elementor-widget-text-editor\" data-id=\"b6240cb\" data-element_type=\"widget\" data-widget_type=\"text-editor.default\">\n\t\t\t\t\t\t\t\t\t<p><strong>In honorary office<\/strong> I was involved for many years as the chairman of the board in several social non-profit organizations and in public functions, and was also active as a lay judge in criminal law - and learned a lot about cooperation during these activities.<\/p>\t\t\t\t\t\t\t\t<\/div>\n\t\t\t\t<div class=\"elementor-element elementor-element-e453dd4 elementor-widget elementor-widget-text-editor\" data-id=\"e453dd4\" data-element_type=\"widget\" data-widget_type=\"text-editor.default\">\n\t\t\t\t\t\t\t\t\t<p><strong>Sailing<\/strong> as a child in Hamburg on the Elbe and later on the Baltic Sea. They are still some of my favorite areas today. As I have lived and worked in various places around the world, I have also been able to get to know sailing areas in the Bay of Biscay, the Mediterranean, the Gulf of Mexico, off the east coast of America and Canada on different types of boats. I now have more than 65,000 nautical miles of sailing experience.<\/p>\t\t\t\t\t\t\t\t<\/div>\n\t\t\t\t<div class=\"elementor-element elementor-element-37861c6f elementor-widget elementor-widget-text-editor\" data-id=\"37861c6f\" data-element_type=\"widget\" data-widget_type=\"text-editor.default\">\n\t\t\t\t\t\t\t\t\t<p><strong>My findings and experiences<\/strong>especially when dealing with resistance, missed targets or changing framework conditions, flow into my current work as a business and personality coach. It also benefits from my two-year training as a systemic business coach, consultant and trainer. As a coach, I only use methods that are certified by DVNLP, DVCT and ECA and that I have tried and tested in practice.<\/p>\t\t\t\t\t\t\t\t<\/div>\n\t\t\t\t<div class=\"elementor-element elementor-element-45d57557 elementor-widget elementor-widget-text-editor\" data-id=\"45d57557\" data-element_type=\"widget\" data-widget_type=\"text-editor.default\">\n\t\t\t\t\t\t\t\t\t<p><strong>My journey with post-Covid and fatigue<\/strong> has taught me the most lasting change of course. After turning my back on my life as a manager at the end of 2021 to further my education as a coach, trainer and consultant alongside my numerous voluntary positions, the Covid-19 virus thwarted my plans for the future in 2022. In December 2022, I was diagnosed with Long Covid with ME\/CFS. This resulted in significant neurological limitations. Medical rehabilitation in January 2024 made it clear to me: you have to adapt to your possibilities, i.e. accept and respect the changed physical limits. I therefore had to give up my labor-intensive voluntary work, in which I invested 50 to 70 hours a week. My impairments will remain, and probably also the degree of 50% disability. But I look to the future with confidence: osteopathic measures, yoga and pacing bring relief, my sailing yacht is equipped and upgraded with aids for autonomous and power-free sailing. And there's one thing the virus hasn't managed to do: stop me from accompanying people on their path to themselves as a business and personality coach in the second half of my life. With all my heart and with all my strength.<\/p>\t\t\t\t\t\t\t\t<\/div>\n\t\t\t\t<\/div>\n\t\t<div class=\"elementor-element elementor-element-54856d15 e-con-full e-flex e-con e-child\" data-id=\"54856d15\" data-element_type=\"container\">\n\t\t\t\t<div class=\"elementor-element elementor-element-7cd2b0f6 elementor-widget elementor-widget-image\" data-id=\"7cd2b0f6\" data-element_type=\"widget\" data-widget_type=\"image.default\">\n\t\t\t\t\t\t\t\t\t\t\t\t\t\t\t<img fetchpriority=\"high\" decoding=\"async\" width=\"800\" height=\"800\" src=\"https:\/\/www.nordpohl.me\/wp-content\/uploads\/2023\/11\/fda2958b-513d-4e35-b2ab-d850d2a34a26-1.jpg\" class=\"attachment-full size-full wp-image-988090\" alt=\"\" srcset=\"https:\/\/www.nordpohl.me\/wp-content\/uploads\/2023\/11\/fda2958b-513d-4e35-b2ab-d850d2a34a26-1.jpg 800w, https:\/\/www.nordpohl.me\/wp-content\/uploads\/2023\/11\/fda2958b-513d-4e35-b2ab-d850d2a34a26-1-300x300.jpg 300w, https:\/\/www.nordpohl.me\/wp-content\/uploads\/2023\/11\/fda2958b-513d-4e35-b2ab-d850d2a34a26-1-150x150.jpg 150w, https:\/\/www.nordpohl.me\/wp-content\/uploads\/2023\/11\/fda2958b-513d-4e35-b2ab-d850d2a34a26-1-768x768.jpg 768w\" sizes=\"(max-width: 800px) 100vw, 800px\" \/>\t\t\t\t\t\t\t\t\t\t\t\t\t\t\t<\/div>\n\t\t\t\t<\/div>\n\t\t\t\t\t<\/div>\n\t\t\t\t<\/div>\n\t\t\t\t<\/div>","protected":false},"excerpt":{"rendered":"<p>\u00dcber mich Als F\u00fchrungskraft habe ich mehr als 30 Jahre lang erfolgreich Projekte und Aufgaben im In- und Ausland verantwortet. Wandlung geh\u00f6rte stets dazu: Umstrukturierungen und Ver\u00e4nderungsprozesse, neue Gesch\u00e4ftsmodelle und erforderliche Transformationsprozesse. Im Ehrenamt engagierte ich mich \u00fcber viele Jahre hinweg als Vorstandsvorsitzender in mehreren sozialen Non-Profit-Organisationen und in \u00f6ffentlichen Funktionen, war zudem als Sch\u00f6ffe [&hellip;]<\/p>","protected":false},"author":3,"featured_media":0,"parent":0,"menu_order":0,"comment_status":"closed","ping_status":"closed","template":"","meta":{"footnotes":""},"class_list":["post-989429","page","type-page","status-publish","hentry"],"_links":{"self":[{"href":"https:\/\/www.nordpohl.me\/en\/wp-json\/wp\/v2\/pages\/989429","targetHints":{"allow":["GET"]}}],"collection":[{"href":"https:\/\/www.nordpohl.me\/en\/wp-json\/wp\/v2\/pages"}],"about":[{"href":"https:\/\/www.nordpohl.me\/en\/wp-json\/wp\/v2\/types\/page"}],"author":[{"embeddable":true,"href":"https:\/\/www.nordpohl.me\/en\/wp-json\/wp\/v2\/users\/3"}],"replies":[{"embeddable":true,"href":"https:\/\/www.nordpohl.me\/en\/wp-json\/wp\/v2\/comments?post=989429"}],"version-history":[{"count":38,"href":"https:\/\/www.nordpohl.me\/en\/wp-json\/wp\/v2\/pages\/989429\/revisions"}],"predecessor-version":[{"id":990042,"href":"https:\/\/www.nordpohl.me\/en\/wp-json\/wp\/v2\/pages\/989429\/revisions\/990042"}],"wp:attachment":[{"href":"https:\/\/www.nordpohl.me\/en\/wp-json\/wp\/v2\/media?parent=989429"}],"curies":[{"name":"wp","href":"https:\/\/api.w.org\/{rel}","templated":true}]}}